{"id":74006,"date":"2022-12-01T09:33:35","date_gmt":"2022-12-01T09:33:35","guid":{"rendered":"https:\/\/logistiikkakeskus.net\/kauppa\/tuote\/turvajalkine-sievi-gt-7-s3-koko-37\/"},"modified":"2026-01-20T09:18:30","modified_gmt":"2026-01-20T07:18:30","slug":"turvajalkine-sievi-gt-7-s3-koko-37","status":"publish","type":"product","link":"https:\/\/logistiikkakeskus.net\/kauppa\/tuote\/turvajalkine-sievi-gt-7-s3-koko-37\/","title":{"rendered":"Turvajalkine Sievi GT 25+ S7, 37"},"content":{"rendered":"<p>GORE-TEX-vuori on edelleen markkinoilla ainutlaatuinenvuorimateriaali, joka antaa jalan hengitt\u00e4\u00e4, mutta pit\u00e4\u00e4 samallakosteuden jalkineen ulkopuolella. Sievi GORE-TEX Performance Comfort -jalkineet sopivat erityisen hyvin vaihteleviin, kosteisiinolosuhteisiin. T\u00e4ss\u00e4 kalvomaiharissa varvassuoja on komposiittia (koot36-38 ter\u00e4st\u00e4) ja naulaanastumissuoja ter\u00e4st\u00e4 sek\u00e4 vetoketju sivussahelpottamassa pukemista. Gore-Tex kalvorakenne takaa markkinoidenparhaan hengitt\u00e4vyyden ja vedenkeston. Turvakenk\u00e4 antaa jalan hengitt\u00e4\u00e4,mutta pit\u00e4\u00e4 samalla kosteuden jalkineen ulkopuolella.<\/p>\n<ul>HUOM. koot 36-38 normaalilla lestill\u00e4 ja koot 39-47 leve\u00e4ll\u00e4XL-lestill\u00e4.<\/ul>\n<p><i>Hakusanat: turvamaihari, maihari, goretex,turvajalkine<\/i><\/p>\n","protected":false},"excerpt":{"rendered":"<p>GORE-TEX-vuori on edelleen markkinoilla ainutlaatuinenvuorimateriaali, joka antaa jalan hengitt\u00e4\u00e4, mutta pit\u00e4\u00e4 samallakosteuden jalkineen ulkopuolella. Sievi GORE-TEX Performance Comfort -jalkineet sopivat erityisen hyvin vaihteleviin, kosteisiinolosuhteisiin. T\u00e4ss\u00e4 kalvomaiharissa varvassuoja on komposiittia (koot36-38 ter\u00e4st\u00e4) ja naulaanastumissuoja ter\u00e4st\u00e4 sek\u00e4 vetoketju sivussahelpottamassa pukemista. Gore-Tex kalvorakenne takaa markkinoidenparhaan hengitt\u00e4vyyden ja vedenkeston. Turvakenk\u00e4 antaa jalan hengitt\u00e4\u00e4,mutta pit\u00e4\u00e4 samalla kosteuden jalkineen ulkopuolella. HUOM. [&hellip;]<\/p>\n","protected":false},"featured_media":103609,"comment_status":"open","ping_status":"closed","template":"","meta":[],"product_brand":[],"product_cat":[3415],"product_tag":[],"class_list":{"0":"post-74006","1":"product","2":"type-product","3":"status-publish","4":"has-post-thumbnail","6":"product_cat-henkilonsuojaimet-ja-tyoturvallisuus-jalkineet-turvakengat","8":"first","9":"instock","10":"shipping-taxable","11":"purchasable","12":"product-type-simple"},"_links":{"self":[{"href":"https:\/\/logistiikkakeskus.net\/kauppa\/wp-json\/wp\/v2\/product\/74006","targetHints":{"allow":["GET"]}}],"collection":[{"href":"https:\/\/logistiikkakeskus.net\/kauppa\/wp-json\/wp\/v2\/product"}],"about":[{"href":"https:\/\/logistiikkakeskus.net\/kauppa\/wp-json\/wp\/v2\/types\/product"}],"replies":[{"embeddable":true,"href":"https:\/\/logistiikkakeskus.net\/kauppa\/wp-json\/wp\/v2\/comments?post=74006"}],"wp:featuredmedia":[{"embeddable":true,"href":"https:\/\/logistiikkakeskus.net\/kauppa\/wp-json\/wp\/v2\/media\/103609"}],"wp:attachment":[{"href":"https:\/\/logistiikkakeskus.net\/kauppa\/wp-json\/wp\/v2\/media?parent=74006"}],"wp:term":[{"taxonomy":"product_brand","embeddable":true,"href":"https:\/\/logistiikkakeskus.net\/kauppa\/wp-json\/wp\/v2\/product_brand?post=74006"},{"taxonomy":"product_cat","embeddable":true,"href":"https:\/\/logistiikkakeskus.net\/kauppa\/wp-json\/wp\/v2\/product_cat?post=74006"},{"taxonomy":"product_tag","embeddable":true,"href":"https:\/\/logistiikkakeskus.net\/kauppa\/wp-json\/wp\/v2\/product_tag?post=74006"}],"curies":[{"name":"wp","href":"https:\/\/api.w.org\/{rel}","templated":true}]}}