{"id":73989,"date":"2022-12-01T09:33:29","date_gmt":"2022-12-01T09:33:29","guid":{"rendered":"https:\/\/logistiikkakeskus.net\/kauppa\/tuote\/turvasaapas-sievi-light-boot-black-s5-43\/"},"modified":"2026-01-20T09:18:29","modified_gmt":"2026-01-20T07:18:29","slug":"turvasaapas-sievi-light-boot-black-s5-43","status":"publish","type":"product","link":"https:\/\/logistiikkakeskus.net\/kauppa\/tuote\/turvasaapas-sievi-light-boot-black-s5-43\/","title":{"rendered":"Turvasaapas Sievi Light Boot Black S5 43"},"content":{"rendered":"<p>T\u00e4ss\u00e4 saapasmallissa varvassuoja ja naulaanastumissuoja onter\u00e4st\u00e4.Polyuretaani-mikrosolurakenne tekee saappaista eritt\u00e4in kevyet jakulutusta kest\u00e4v\u00e4t, polyuretaanisaapas kest\u00e4\u00e4 k\u00e4yt\u00f6ss\u00e4 pidemp\u00e4\u00e4n kuinperinteinen kumisaapas. Sopii my\u00f6s talvik\u00e4ytt\u00f6\u00f6n, koska hyv\u00e4l\u00e4mm\u00f6neristyskyky. Tilava lesti ja pit\u00e4v\u00e4 pohjakuviointi. Saappaanvartta voi itse lyhent\u00e4\u00e4 saksilla\/puukolla merkityst\u00e4 kohdasta. Eihiert\u00e4vi\u00e4 saumoja, vuorimateriaalin ansiosta kuivuvat nopeasti. Lesti:normaali<\/p>\n<p>Hakusanat: turvakeng\u00e4t, saapas<\/p>\n","protected":false},"excerpt":{"rendered":"<p>T\u00e4ss\u00e4 saapasmallissa varvassuoja ja naulaanastumissuoja onter\u00e4st\u00e4.Polyuretaani-mikrosolurakenne tekee saappaista eritt\u00e4in kevyet jakulutusta kest\u00e4v\u00e4t, polyuretaanisaapas kest\u00e4\u00e4 k\u00e4yt\u00f6ss\u00e4 pidemp\u00e4\u00e4n kuinperinteinen kumisaapas. Sopii my\u00f6s talvik\u00e4ytt\u00f6\u00f6n, koska hyv\u00e4l\u00e4mm\u00f6neristyskyky. Tilava lesti ja pit\u00e4v\u00e4 pohjakuviointi. Saappaanvartta voi itse lyhent\u00e4\u00e4 saksilla\/puukolla merkityst\u00e4 kohdasta. Eihiert\u00e4vi\u00e4 saumoja, vuorimateriaalin ansiosta kuivuvat nopeasti. Lesti:normaali Hakusanat: turvakeng\u00e4t, saapas<\/p>\n","protected":false},"featured_media":103601,"comment_status":"open","ping_status":"closed","template":"","meta":[],"product_brand":[],"product_cat":[3431],"product_tag":[],"class_list":{"0":"post-73989","1":"product","2":"type-product","3":"status-publish","4":"has-post-thumbnail","6":"product_cat-henkilonsuojaimet-ja-tyoturvallisuus-jalkineet-kumisaappaat","8":"first","9":"instock","10":"shipping-taxable","11":"purchasable","12":"product-type-simple"},"_links":{"self":[{"href":"https:\/\/logistiikkakeskus.net\/kauppa\/wp-json\/wp\/v2\/product\/73989","targetHints":{"allow":["GET"]}}],"collection":[{"href":"https:\/\/logistiikkakeskus.net\/kauppa\/wp-json\/wp\/v2\/product"}],"about":[{"href":"https:\/\/logistiikkakeskus.net\/kauppa\/wp-json\/wp\/v2\/types\/product"}],"replies":[{"embeddable":true,"href":"https:\/\/logistiikkakeskus.net\/kauppa\/wp-json\/wp\/v2\/comments?post=73989"}],"wp:featuredmedia":[{"embeddable":true,"href":"https:\/\/logistiikkakeskus.net\/kauppa\/wp-json\/wp\/v2\/media\/103601"}],"wp:attachment":[{"href":"https:\/\/logistiikkakeskus.net\/kauppa\/wp-json\/wp\/v2\/media?parent=73989"}],"wp:term":[{"taxonomy":"product_brand","embeddable":true,"href":"https:\/\/logistiikkakeskus.net\/kauppa\/wp-json\/wp\/v2\/product_brand?post=73989"},{"taxonomy":"product_cat","embeddable":true,"href":"https:\/\/logistiikkakeskus.net\/kauppa\/wp-json\/wp\/v2\/product_cat?post=73989"},{"taxonomy":"product_tag","embeddable":true,"href":"https:\/\/logistiikkakeskus.net\/kauppa\/wp-json\/wp\/v2\/product_tag?post=73989"}],"curies":[{"name":"wp","href":"https:\/\/api.w.org\/{rel}","templated":true}]}}