{"id":73937,"date":"2022-12-01T09:33:12","date_gmt":"2022-12-01T09:33:12","guid":{"rendered":"https:\/\/logistiikkakeskus.net\/kauppa\/tuote\/huomiotalviliivi-lk2-stara-xxl\/"},"modified":"2026-01-20T09:18:27","modified_gmt":"2026-01-20T07:18:27","slug":"huomiotalviliivi-lk2-stara-xxl","status":"publish","type":"product","link":"https:\/\/logistiikkakeskus.net\/kauppa\/tuote\/huomiotalviliivi-lk2-stara-xxl\/","title":{"rendered":"Stara Softshell -huomioliivi LK1, XXL"},"content":{"rendered":"<p>Tilaustuote. Tuotteella on normaalia pidempi toimitusaika.<\/p>\n<p>Softshell-huomioliivi fleecevuorella ja Stara-painatuksella.Id-tasku.<\/p>\n<ul>\n<li>Moderni istuvuus\n<li>Fleece sis\u00e4puolella ja kauluksessa\n<li>Joustavaa laatua\n<li>Vetoketjulliset ulkotaskut\n<li>Sis\u00e4taskut tarranauhalla\n<li>Joustava verhoilu k\u00e4denrei&#8217;iss\u00e4\n<li>Ty\u00f6kaluhihna molemmilla puolilla\n<li>D-rengas oikeassa taskussa<\/ul>\n<p><i>Hakusanta: huomioliivi, vuorellinen, liivi, talvi<\/i><\/p>\n","protected":false},"excerpt":{"rendered":"<p>Tilaustuote. Tuotteella on normaalia pidempi toimitusaika. Softshell-huomioliivi fleecevuorella ja Stara-painatuksella.Id-tasku. Moderni istuvuus Fleece sis\u00e4puolella ja kauluksessa Joustavaa laatua Vetoketjulliset ulkotaskut Sis\u00e4taskut tarranauhalla Joustava verhoilu k\u00e4denrei&#8217;iss\u00e4 Ty\u00f6kaluhihna molemmilla puolilla D-rengas oikeassa taskussa Hakusanta: huomioliivi, vuorellinen, liivi, talvi<\/p>\n","protected":false},"featured_media":0,"comment_status":"open","ping_status":"closed","template":"","meta":[],"product_brand":[],"product_cat":[3330],"product_tag":[],"class_list":{"0":"post-73937","1":"product","2":"type-product","3":"status-publish","5":"product_cat-vaatteet-tyovaatteet-stara-talvivaatteet","7":"first","8":"instock","9":"shipping-taxable","10":"purchasable","11":"product-type-simple"},"_links":{"self":[{"href":"https:\/\/logistiikkakeskus.net\/kauppa\/wp-json\/wp\/v2\/product\/73937","targetHints":{"allow":["GET"]}}],"collection":[{"href":"https:\/\/logistiikkakeskus.net\/kauppa\/wp-json\/wp\/v2\/product"}],"about":[{"href":"https:\/\/logistiikkakeskus.net\/kauppa\/wp-json\/wp\/v2\/types\/product"}],"replies":[{"embeddable":true,"href":"https:\/\/logistiikkakeskus.net\/kauppa\/wp-json\/wp\/v2\/comments?post=73937"}],"wp:attachment":[{"href":"https:\/\/logistiikkakeskus.net\/kauppa\/wp-json\/wp\/v2\/media?parent=73937"}],"wp:term":[{"taxonomy":"product_brand","embeddable":true,"href":"https:\/\/logistiikkakeskus.net\/kauppa\/wp-json\/wp\/v2\/product_brand?post=73937"},{"taxonomy":"product_cat","embeddable":true,"href":"https:\/\/logistiikkakeskus.net\/kauppa\/wp-json\/wp\/v2\/product_cat?post=73937"},{"taxonomy":"product_tag","embeddable":true,"href":"https:\/\/logistiikkakeskus.net\/kauppa\/wp-json\/wp\/v2\/product_tag?post=73937"}],"curies":[{"name":"wp","href":"https:\/\/api.w.org\/{rel}","templated":true}]}}