{"id":73904,"date":"2022-12-01T09:32:55","date_gmt":"2022-12-01T09:32:55","guid":{"rendered":"https:\/\/logistiikkakeskus.net\/kauppa\/tuote\/huomioliivi-lk2-taskuilla-helsinki-4xl\/"},"modified":"2026-01-20T09:18:26","modified_gmt":"2026-01-20T07:18:26","slug":"huomioliivi-lk2-taskuilla-helsinki-4xl","status":"publish","type":"product","link":"https:\/\/logistiikkakeskus.net\/kauppa\/tuote\/huomioliivi-lk2-taskuilla-helsinki-4xl\/","title":{"rendered":"Helsinki Huomioliivi taskuilla LK2, 4XL"},"content":{"rendered":"<p>TILAUSTUOTE. TUOTTEELLA NORMAALIA PIDEMPI TOIMITUSAIKA.Huomioliivi LK2 taskuilla Helsinki logolla.Edess\u00e4 vetoketju,kaksi rintataskua:oikean p\u00e4\u00e4ll\u00e4 puhelin\/kyn\u00e4tasku,vasemman p\u00e4\u00e4ll\u00e4 henkil\u00f6korttitaskuja D-lenkki kannen alla,painonapilla suljettavat alataskut,helmassapainonapeilla s\u00e4\u00e4dett\u00e4v\u00e4t tampit.(206211-074)Standardit:N\u00e4kyv\u00e4 EN ISO 20471 luokka 270 % polyesteri,30 % puuvilla,paino 235 g\/m\u00b2,vett\u00e4 hylkiv\u00e4 viimeistys4XL liivi vastaa kokoa 5XL<\/p>\n","protected":false},"excerpt":{"rendered":"<p>TILAUSTUOTE. TUOTTEELLA NORMAALIA PIDEMPI TOIMITUSAIKA.Huomioliivi LK2 taskuilla Helsinki logolla.Edess\u00e4 vetoketju,kaksi rintataskua:oikean p\u00e4\u00e4ll\u00e4 puhelin\/kyn\u00e4tasku,vasemman p\u00e4\u00e4ll\u00e4 henkil\u00f6korttitaskuja D-lenkki kannen alla,painonapilla suljettavat alataskut,helmassapainonapeilla s\u00e4\u00e4dett\u00e4v\u00e4t tampit.(206211-074)Standardit:N\u00e4kyv\u00e4 EN ISO 20471 luokka 270 % polyesteri,30 % puuvilla,paino 235 g\/m\u00b2,vett\u00e4 hylkiv\u00e4 viimeistys4XL liivi vastaa kokoa 5XL<\/p>\n","protected":false},"featured_media":103573,"comment_status":"open","ping_status":"closed","template":"","meta":[],"product_brand":[],"product_cat":[3412],"product_tag":[],"class_list":{"0":"post-73904","1":"product","2":"type-product","3":"status-publish","4":"has-post-thumbnail","6":"product_cat-vaatteet-tyovaatteet-stara-kesavaatteet","8":"first","9":"instock","10":"shipping-taxable","11":"purchasable","12":"product-type-simple"},"_links":{"self":[{"href":"https:\/\/logistiikkakeskus.net\/kauppa\/wp-json\/wp\/v2\/product\/73904","targetHints":{"allow":["GET"]}}],"collection":[{"href":"https:\/\/logistiikkakeskus.net\/kauppa\/wp-json\/wp\/v2\/product"}],"about":[{"href":"https:\/\/logistiikkakeskus.net\/kauppa\/wp-json\/wp\/v2\/types\/product"}],"replies":[{"embeddable":true,"href":"https:\/\/logistiikkakeskus.net\/kauppa\/wp-json\/wp\/v2\/comments?post=73904"}],"wp:featuredmedia":[{"embeddable":true,"href":"https:\/\/logistiikkakeskus.net\/kauppa\/wp-json\/wp\/v2\/media\/103573"}],"wp:attachment":[{"href":"https:\/\/logistiikkakeskus.net\/kauppa\/wp-json\/wp\/v2\/media?parent=73904"}],"wp:term":[{"taxonomy":"product_brand","embeddable":true,"href":"https:\/\/logistiikkakeskus.net\/kauppa\/wp-json\/wp\/v2\/product_brand?post=73904"},{"taxonomy":"product_cat","embeddable":true,"href":"https:\/\/logistiikkakeskus.net\/kauppa\/wp-json\/wp\/v2\/product_cat?post=73904"},{"taxonomy":"product_tag","embeddable":true,"href":"https:\/\/logistiikkakeskus.net\/kauppa\/wp-json\/wp\/v2\/product_tag?post=73904"}],"curies":[{"name":"wp","href":"https:\/\/api.w.org\/{rel}","templated":true}]}}