{"id":73806,"date":"2022-12-01T09:32:09","date_gmt":"2022-12-01T09:32:09","guid":{"rendered":"https:\/\/logistiikkakeskus.net\/kauppa\/tuote\/pillivaahto-soundfoam-genius-18-c-750ml\/"},"modified":"2026-01-20T09:18:19","modified_gmt":"2026-01-20T07:18:19","slug":"pillivaahto-soundfoam-genius-18-c-750ml","status":"publish","type":"product","link":"https:\/\/logistiikkakeskus.net\/kauppa\/tuote\/pillivaahto-soundfoam-genius-18-c-750ml\/","title":{"rendered":"Saumavaahto RAW ke\u00e4\/talvi Pilli 750ML"},"content":{"rendered":"<p>1-komponenttinen, itsest\u00e4\u00e4n laajeneva ja k\u00e4ytt\u00f6valmispolyuretaanivaahto. Soveltuu ikkunoiden ja rakenteiden aukkojentiivistykseen, onteiloiden t\u00e4ytt\u00f6\u00f6n. K\u00e4ytt\u00f6l\u00e4mp\u00f6tilan oltava -10\u00b0C &#8211; +35\u00b0C. Purkin l\u00e4mp\u00f6tilan tulee olla v\u00e4hint\u00e4\u00e4n +10\u00b0C. Kovettunut vaahtopoistetaan mekaanisesti. Vaikeasti poistettava tuote, joten sellaisetl\u00e4himm\u00e4t pinnat kannattaa suojata, joille ei toivota vaahtoj\u00e4\u00e4mi\u00e4.K\u00e4ytt\u00f6ohje: Tarvittaessa sumuta suihkupullolla vett\u00e4 suoraanvaahdotettaviin pintoihin. Ravistettava hyvin ennen k\u00e4ytt\u00f6\u00e4 eli asennapilli venttiiliin ja ravista 20 kertaa venttiili alasp\u00e4in. M1-standardintuote on kest\u00e4v\u00e4, v\u00e4h\u00e4p\u00e4\u00e4st\u00f6inen ja hajuton tuote, joka tukee puhdastaja laadukasta sis\u00e4ilmaa.<\/p>\n","protected":false},"excerpt":{"rendered":"<p>1-komponenttinen, itsest\u00e4\u00e4n laajeneva ja k\u00e4ytt\u00f6valmispolyuretaanivaahto. Soveltuu ikkunoiden ja rakenteiden aukkojentiivistykseen, onteiloiden t\u00e4ytt\u00f6\u00f6n. K\u00e4ytt\u00f6l\u00e4mp\u00f6tilan oltava -10\u00b0C &#8211; +35\u00b0C. Purkin l\u00e4mp\u00f6tilan tulee olla v\u00e4hint\u00e4\u00e4n +10\u00b0C. Kovettunut vaahtopoistetaan mekaanisesti. Vaikeasti poistettava tuote, joten sellaisetl\u00e4himm\u00e4t pinnat kannattaa suojata, joille ei toivota vaahtoj\u00e4\u00e4mi\u00e4.K\u00e4ytt\u00f6ohje: Tarvittaessa sumuta suihkupullolla vett\u00e4 suoraanvaahdotettaviin pintoihin. Ravistettava hyvin ennen k\u00e4ytt\u00f6\u00e4 eli asennapilli venttiiliin ja ravista 20 kertaa [&hellip;]<\/p>\n","protected":false},"featured_media":103548,"comment_status":"open","ping_status":"closed","template":"","meta":[],"product_brand":[],"product_cat":[3369],"product_tag":[],"class_list":{"0":"post-73806","1":"product","2":"type-product","3":"status-publish","4":"has-post-thumbnail","6":"product_cat-kemikaalit-silikonit-ja-liimat-massat","8":"first","9":"instock","10":"shipping-taxable","11":"purchasable","12":"product-type-simple"},"_links":{"self":[{"href":"https:\/\/logistiikkakeskus.net\/kauppa\/wp-json\/wp\/v2\/product\/73806","targetHints":{"allow":["GET"]}}],"collection":[{"href":"https:\/\/logistiikkakeskus.net\/kauppa\/wp-json\/wp\/v2\/product"}],"about":[{"href":"https:\/\/logistiikkakeskus.net\/kauppa\/wp-json\/wp\/v2\/types\/product"}],"replies":[{"embeddable":true,"href":"https:\/\/logistiikkakeskus.net\/kauppa\/wp-json\/wp\/v2\/comments?post=73806"}],"wp:featuredmedia":[{"embeddable":true,"href":"https:\/\/logistiikkakeskus.net\/kauppa\/wp-json\/wp\/v2\/media\/103548"}],"wp:attachment":[{"href":"https:\/\/logistiikkakeskus.net\/kauppa\/wp-json\/wp\/v2\/media?parent=73806"}],"wp:term":[{"taxonomy":"product_brand","embeddable":true,"href":"https:\/\/logistiikkakeskus.net\/kauppa\/wp-json\/wp\/v2\/product_brand?post=73806"},{"taxonomy":"product_cat","embeddable":true,"href":"https:\/\/logistiikkakeskus.net\/kauppa\/wp-json\/wp\/v2\/product_cat?post=73806"},{"taxonomy":"product_tag","embeddable":true,"href":"https:\/\/logistiikkakeskus.net\/kauppa\/wp-json\/wp\/v2\/product_tag?post=73806"}],"curies":[{"name":"wp","href":"https:\/\/api.w.org\/{rel}","templated":true}]}}