{"id":73800,"date":"2022-12-01T09:32:07","date_gmt":"2022-12-01T09:32:07","guid":{"rendered":"https:\/\/logistiikkakeskus.net\/kauppa\/tuote\/puotamissuojainpaketti-basic-katolle\/"},"modified":"2026-01-20T09:18:19","modified_gmt":"2026-01-20T07:18:19","slug":"puotamissuojainpaketti-basic-katolle","status":"publish","type":"product","link":"https:\/\/logistiikkakeskus.net\/kauppa\/tuote\/puotamissuojainpaketti-basic-katolle\/","title":{"rendered":"Puotamissuojainpaketti 20m katolle"},"content":{"rendered":"<p>Kattopaketti SKYDDA 20mValmispaketti kattoty\u00f6skentelyyn. Paketti sis\u00e4lt\u00e4\u00e4: 1 kpl KokovaljasCamp Empire, 1 kpl Turvak\u00f6ysi Camp 256504 20 m, 1 kpl Ankkurihihna Camp1,2 m.Pakattu kest\u00e4v\u00e4\u00e4n s\u00e4ilytyspussiin.<\/p>\n","protected":false},"excerpt":{"rendered":"<p>Kattopaketti SKYDDA 20mValmispaketti kattoty\u00f6skentelyyn. Paketti sis\u00e4lt\u00e4\u00e4: 1 kpl KokovaljasCamp Empire, 1 kpl Turvak\u00f6ysi Camp 256504 20 m, 1 kpl Ankkurihihna Camp1,2 m.Pakattu kest\u00e4v\u00e4\u00e4n s\u00e4ilytyspussiin.<\/p>\n","protected":false},"featured_media":103547,"comment_status":"open","ping_status":"closed","template":"","meta":[],"product_brand":[],"product_cat":[3336],"product_tag":[],"class_list":{"0":"post-73800","1":"product","2":"type-product","3":"status-publish","4":"has-post-thumbnail","6":"product_cat-henkilonsuojaimet-ja-tyoturvallisuus-henkilonsuojaimet-putoamissuojaimet-ja-turvavaljaat","8":"first","9":"instock","10":"shipping-taxable","11":"purchasable","12":"product-type-simple"},"_links":{"self":[{"href":"https:\/\/logistiikkakeskus.net\/kauppa\/wp-json\/wp\/v2\/product\/73800","targetHints":{"allow":["GET"]}}],"collection":[{"href":"https:\/\/logistiikkakeskus.net\/kauppa\/wp-json\/wp\/v2\/product"}],"about":[{"href":"https:\/\/logistiikkakeskus.net\/kauppa\/wp-json\/wp\/v2\/types\/product"}],"replies":[{"embeddable":true,"href":"https:\/\/logistiikkakeskus.net\/kauppa\/wp-json\/wp\/v2\/comments?post=73800"}],"wp:featuredmedia":[{"embeddable":true,"href":"https:\/\/logistiikkakeskus.net\/kauppa\/wp-json\/wp\/v2\/media\/103547"}],"wp:attachment":[{"href":"https:\/\/logistiikkakeskus.net\/kauppa\/wp-json\/wp\/v2\/media?parent=73800"}],"wp:term":[{"taxonomy":"product_brand","embeddable":true,"href":"https:\/\/logistiikkakeskus.net\/kauppa\/wp-json\/wp\/v2\/product_brand?post=73800"},{"taxonomy":"product_cat","embeddable":true,"href":"https:\/\/logistiikkakeskus.net\/kauppa\/wp-json\/wp\/v2\/product_cat?post=73800"},{"taxonomy":"product_tag","embeddable":true,"href":"https:\/\/logistiikkakeskus.net\/kauppa\/wp-json\/wp\/v2\/product_tag?post=73800"}],"curies":[{"name":"wp","href":"https:\/\/api.w.org\/{rel}","templated":true}]}}