{"id":73770,"date":"2022-12-01T09:31:57","date_gmt":"2022-12-01T09:31:57","guid":{"rendered":"https:\/\/logistiikkakeskus.net\/kauppa\/tuote\/asentajankasine-flexible-basic-1000-8m\/"},"modified":"2026-01-20T09:18:18","modified_gmt":"2026-01-20T07:18:18","slug":"asentajankasine-flexible-basic-1000-8m","status":"publish","type":"product","link":"https:\/\/logistiikkakeskus.net\/kauppa\/tuote\/asentajankasine-flexible-basic-1000-8m\/","title":{"rendered":"Asentajank\u00e4sine polyuretaani, 8\/M"},"content":{"rendered":"<p>Musta nylonsormikas PU-k\u00e4mmenpinnoitteella. Yleisk\u00e4sine monipuolisiinasennust\u00f6ihin. Eritt\u00e4in tuntoherkk\u00e4. Ohut ja saumaton. Myyntier\u00e4 1 pr(12 pr\/pss). Hakusana: ty\u00f6k\u00e4sine<\/p>\n","protected":false},"excerpt":{"rendered":"<p>Musta nylonsormikas PU-k\u00e4mmenpinnoitteella. Yleisk\u00e4sine monipuolisiinasennust\u00f6ihin. Eritt\u00e4in tuntoherkk\u00e4. Ohut ja saumaton. Myyntier\u00e4 1 pr(12 pr\/pss). Hakusana: ty\u00f6k\u00e4sine<\/p>\n","protected":false},"featured_media":103533,"comment_status":"open","ping_status":"closed","template":"","meta":[],"product_brand":[],"product_cat":[3383],"product_tag":[],"class_list":{"0":"post-73770","1":"product","2":"type-product","3":"status-publish","4":"has-post-thumbnail","6":"product_cat-henkilonsuojaimet-ja-tyoturvallisuus-henkilonsuojaimet-kasineet","8":"first","9":"instock","10":"shipping-taxable","11":"purchasable","12":"product-type-simple"},"_links":{"self":[{"href":"https:\/\/logistiikkakeskus.net\/kauppa\/wp-json\/wp\/v2\/product\/73770","targetHints":{"allow":["GET"]}}],"collection":[{"href":"https:\/\/logistiikkakeskus.net\/kauppa\/wp-json\/wp\/v2\/product"}],"about":[{"href":"https:\/\/logistiikkakeskus.net\/kauppa\/wp-json\/wp\/v2\/types\/product"}],"replies":[{"embeddable":true,"href":"https:\/\/logistiikkakeskus.net\/kauppa\/wp-json\/wp\/v2\/comments?post=73770"}],"wp:featuredmedia":[{"embeddable":true,"href":"https:\/\/logistiikkakeskus.net\/kauppa\/wp-json\/wp\/v2\/media\/103533"}],"wp:attachment":[{"href":"https:\/\/logistiikkakeskus.net\/kauppa\/wp-json\/wp\/v2\/media?parent=73770"}],"wp:term":[{"taxonomy":"product_brand","embeddable":true,"href":"https:\/\/logistiikkakeskus.net\/kauppa\/wp-json\/wp\/v2\/product_brand?post=73770"},{"taxonomy":"product_cat","embeddable":true,"href":"https:\/\/logistiikkakeskus.net\/kauppa\/wp-json\/wp\/v2\/product_cat?post=73770"},{"taxonomy":"product_tag","embeddable":true,"href":"https:\/\/logistiikkakeskus.net\/kauppa\/wp-json\/wp\/v2\/product_tag?post=73770"}],"curies":[{"name":"wp","href":"https:\/\/api.w.org\/{rel}","templated":true}]}}