{"id":73755,"date":"2022-12-01T09:31:50","date_gmt":"2022-12-01T09:31:50","guid":{"rendered":"https:\/\/logistiikkakeskus.net\/kauppa\/tuote\/kasivarsisuojaviiltosuoja-guide-367\/"},"modified":"2026-01-20T09:18:17","modified_gmt":"2026-01-20T07:18:17","slug":"kasivarsisuojaviiltosuoja-guide-367","status":"publish","type":"product","link":"https:\/\/logistiikkakeskus.net\/kauppa\/tuote\/kasivarsisuojaviiltosuoja-guide-367\/","title":{"rendered":"K\u00e4sivarsisuoja\/viiltosuoja 45 cm"},"content":{"rendered":"<p>D-viiltosuojatason hiha suojaa rannetta sek\u00e4 k\u00e4sivarttaviiltojenlis\u00e4ksi kuumilta esineilt\u00e4. Peukaloreik\u00e4 pit\u00e4\u00e4 hihan tukevastipaikallaan. Konepest\u00e4v\u00e4 ja toimitetaan kappaleittain (ei pareina).<\/p>\n<ul>\n<li>Hihanpituus: 45 cm\n<li>Reik\u00e4 peukalolle takaa turvallisen istuvuuden\n<li>CE luokitus\n<li>Materiaalit: HPPE, lasikuitu, polyesteri<\/ul>\n<p><i>Hakusanat:\u00a0viiltosuoja, hiha, elintarvike, keitti\u00f6<\/i><\/p>\n","protected":false},"excerpt":{"rendered":"<p>D-viiltosuojatason hiha suojaa rannetta sek\u00e4 k\u00e4sivarttaviiltojenlis\u00e4ksi kuumilta esineilt\u00e4. Peukaloreik\u00e4 pit\u00e4\u00e4 hihan tukevastipaikallaan. Konepest\u00e4v\u00e4 ja toimitetaan kappaleittain (ei pareina). Hihanpituus: 45 cm Reik\u00e4 peukalolle takaa turvallisen istuvuuden CE luokitus Materiaalit: HPPE, lasikuitu, polyesteri Hakusanat:\u00a0viiltosuoja, hiha, elintarvike, keitti\u00f6<\/p>\n","protected":false},"featured_media":103524,"comment_status":"open","ping_status":"closed","template":"","meta":[],"product_brand":[],"product_cat":[3383],"product_tag":[],"class_list":{"0":"post-73755","1":"product","2":"type-product","3":"status-publish","4":"has-post-thumbnail","6":"product_cat-henkilonsuojaimet-ja-tyoturvallisuus-henkilonsuojaimet-kasineet","8":"first","9":"instock","10":"shipping-taxable","11":"purchasable","12":"product-type-simple"},"_links":{"self":[{"href":"https:\/\/logistiikkakeskus.net\/kauppa\/wp-json\/wp\/v2\/product\/73755","targetHints":{"allow":["GET"]}}],"collection":[{"href":"https:\/\/logistiikkakeskus.net\/kauppa\/wp-json\/wp\/v2\/product"}],"about":[{"href":"https:\/\/logistiikkakeskus.net\/kauppa\/wp-json\/wp\/v2\/types\/product"}],"replies":[{"embeddable":true,"href":"https:\/\/logistiikkakeskus.net\/kauppa\/wp-json\/wp\/v2\/comments?post=73755"}],"wp:featuredmedia":[{"embeddable":true,"href":"https:\/\/logistiikkakeskus.net\/kauppa\/wp-json\/wp\/v2\/media\/103524"}],"wp:attachment":[{"href":"https:\/\/logistiikkakeskus.net\/kauppa\/wp-json\/wp\/v2\/media?parent=73755"}],"wp:term":[{"taxonomy":"product_brand","embeddable":true,"href":"https:\/\/logistiikkakeskus.net\/kauppa\/wp-json\/wp\/v2\/product_brand?post=73755"},{"taxonomy":"product_cat","embeddable":true,"href":"https:\/\/logistiikkakeskus.net\/kauppa\/wp-json\/wp\/v2\/product_cat?post=73755"},{"taxonomy":"product_tag","embeddable":true,"href":"https:\/\/logistiikkakeskus.net\/kauppa\/wp-json\/wp\/v2\/product_tag?post=73755"}],"curies":[{"name":"wp","href":"https:\/\/api.w.org\/{rel}","templated":true}]}}