{"id":73749,"date":"2022-12-01T09:31:48","date_gmt":"2022-12-01T09:31:48","guid":{"rendered":"https:\/\/logistiikkakeskus.net\/kauppa\/tuote\/viiltosuojakasine-fortes-pu-gp5g-12\/"},"modified":"2026-01-20T09:18:17","modified_gmt":"2026-01-20T07:18:17","slug":"viiltosuojakasine-fortes-pu-gp5g-12","status":"publish","type":"product","link":"https:\/\/logistiikkakeskus.net\/kauppa\/tuote\/viiltosuojakasine-fortes-pu-gp5g-12\/","title":{"rendered":"Viiltosuojak\u00e4sine C PU Fortes GP5G, 12"},"content":{"rendered":"<p>C-luokan viiltosuojak\u00e4sine erinomaisella kulutuksenkest\u00e4vyydell\u00e4.PU-pinnoitetarjoaa erinomaisen otepidon sek\u00e4 kuivissa ett\u00e4 kosteissaty\u00f6ymp\u00e4rist\u00f6iss\u00e4.Hyvin istuva,joustava ja miellytt\u00e4v\u00e4 k\u00e4ytt\u00e4\u00e4.Hengitt\u00e4v\u00e4 k\u00e4sine pit\u00e4\u00e4 k\u00e4det viile\u00e4n\u00e4 kokop\u00e4iv\u00e4n. Kest\u00e4\u00e4 jopa 12 pesua40\u00b0C asteessa. Soveltuu rakennuksille, auto-,paperi jalasiteollisuuteen sek\u00e4 koneiden ja laitteiden huoltot\u00f6ihin.Vastaa EN388:2016 lk. C vaatimuksia. Myyntier\u00e4 1 pr (12pr\/ pss). Huom:viiltosuoja ei suojaa pistoilta. Hakusanat: viiltohanska, viiltosuoja,<\/p>\n","protected":false},"excerpt":{"rendered":"<p>C-luokan viiltosuojak\u00e4sine erinomaisella kulutuksenkest\u00e4vyydell\u00e4.PU-pinnoitetarjoaa erinomaisen otepidon sek\u00e4 kuivissa ett\u00e4 kosteissaty\u00f6ymp\u00e4rist\u00f6iss\u00e4.Hyvin istuva,joustava ja miellytt\u00e4v\u00e4 k\u00e4ytt\u00e4\u00e4.Hengitt\u00e4v\u00e4 k\u00e4sine pit\u00e4\u00e4 k\u00e4det viile\u00e4n\u00e4 kokop\u00e4iv\u00e4n. Kest\u00e4\u00e4 jopa 12 pesua40\u00b0C asteessa. Soveltuu rakennuksille, auto-,paperi jalasiteollisuuteen sek\u00e4 koneiden ja laitteiden huoltot\u00f6ihin.Vastaa EN388:2016 lk. C vaatimuksia. Myyntier\u00e4 1 pr (12pr\/ pss). Huom:viiltosuoja ei suojaa pistoilta. Hakusanat: viiltohanska, viiltosuoja,<\/p>\n","protected":false},"featured_media":0,"comment_status":"open","ping_status":"closed","template":"","meta":[],"product_brand":[],"product_cat":[3383],"product_tag":[],"class_list":{"0":"post-73749","1":"product","2":"type-product","3":"status-publish","5":"product_cat-henkilonsuojaimet-ja-tyoturvallisuus-henkilonsuojaimet-kasineet","7":"first","8":"instock","9":"shipping-taxable","10":"purchasable","11":"product-type-simple"},"_links":{"self":[{"href":"https:\/\/logistiikkakeskus.net\/kauppa\/wp-json\/wp\/v2\/product\/73749","targetHints":{"allow":["GET"]}}],"collection":[{"href":"https:\/\/logistiikkakeskus.net\/kauppa\/wp-json\/wp\/v2\/product"}],"about":[{"href":"https:\/\/logistiikkakeskus.net\/kauppa\/wp-json\/wp\/v2\/types\/product"}],"replies":[{"embeddable":true,"href":"https:\/\/logistiikkakeskus.net\/kauppa\/wp-json\/wp\/v2\/comments?post=73749"}],"wp:attachment":[{"href":"https:\/\/logistiikkakeskus.net\/kauppa\/wp-json\/wp\/v2\/media?parent=73749"}],"wp:term":[{"taxonomy":"product_brand","embeddable":true,"href":"https:\/\/logistiikkakeskus.net\/kauppa\/wp-json\/wp\/v2\/product_brand?post=73749"},{"taxonomy":"product_cat","embeddable":true,"href":"https:\/\/logistiikkakeskus.net\/kauppa\/wp-json\/wp\/v2\/product_cat?post=73749"},{"taxonomy":"product_tag","embeddable":true,"href":"https:\/\/logistiikkakeskus.net\/kauppa\/wp-json\/wp\/v2\/product_tag?post=73749"}],"curies":[{"name":"wp","href":"https:\/\/api.w.org\/{rel}","templated":true}]}}