{"id":73727,"date":"2022-12-01T09:31:41","date_gmt":"2022-12-01T09:31:41","guid":{"rendered":"https:\/\/logistiikkakeskus.net\/kauppa\/tuote\/talvikasine-power-grap-thermo-1669-10\/"},"modified":"2026-01-20T09:18:16","modified_gmt":"2026-01-20T07:18:16","slug":"talvikasine-power-grap-thermo-1669-10","status":"publish","type":"product","link":"https:\/\/logistiikkakeskus.net\/kauppa\/tuote\/talvikasine-power-grap-thermo-1669-10\/","title":{"rendered":"Talvik\u00e4sine Winter Basic 3000, 10"},"content":{"rendered":"<p>Luonnonkumipinnoitettu talvik\u00e4sine. Eritt\u00e4in pehme\u00e4 ja mukava pinnoite.Paksu akryylivuori ja saumaton rakenne.Myyntier\u00e4 1 pr (12 pr\/nippu).Hakusanat:ty\u00f6hanska, ty\u00f6k\u00e4sine, talvihanska<\/p>\n","protected":false},"excerpt":{"rendered":"<p>Luonnonkumipinnoitettu talvik\u00e4sine. Eritt\u00e4in pehme\u00e4 ja mukava pinnoite.Paksu akryylivuori ja saumaton rakenne.Myyntier\u00e4 1 pr (12 pr\/nippu).Hakusanat:ty\u00f6hanska, ty\u00f6k\u00e4sine, talvihanska<\/p>\n","protected":false},"featured_media":103513,"comment_status":"open","ping_status":"closed","template":"","meta":[],"product_brand":[],"product_cat":[3383],"product_tag":[],"class_list":{"0":"post-73727","1":"product","2":"type-product","3":"status-publish","4":"has-post-thumbnail","6":"product_cat-henkilonsuojaimet-ja-tyoturvallisuus-henkilonsuojaimet-kasineet","8":"first","9":"instock","10":"shipping-taxable","11":"purchasable","12":"product-type-simple"},"_links":{"self":[{"href":"https:\/\/logistiikkakeskus.net\/kauppa\/wp-json\/wp\/v2\/product\/73727","targetHints":{"allow":["GET"]}}],"collection":[{"href":"https:\/\/logistiikkakeskus.net\/kauppa\/wp-json\/wp\/v2\/product"}],"about":[{"href":"https:\/\/logistiikkakeskus.net\/kauppa\/wp-json\/wp\/v2\/types\/product"}],"replies":[{"embeddable":true,"href":"https:\/\/logistiikkakeskus.net\/kauppa\/wp-json\/wp\/v2\/comments?post=73727"}],"wp:featuredmedia":[{"embeddable":true,"href":"https:\/\/logistiikkakeskus.net\/kauppa\/wp-json\/wp\/v2\/media\/103513"}],"wp:attachment":[{"href":"https:\/\/logistiikkakeskus.net\/kauppa\/wp-json\/wp\/v2\/media?parent=73727"}],"wp:term":[{"taxonomy":"product_brand","embeddable":true,"href":"https:\/\/logistiikkakeskus.net\/kauppa\/wp-json\/wp\/v2\/product_brand?post=73727"},{"taxonomy":"product_cat","embeddable":true,"href":"https:\/\/logistiikkakeskus.net\/kauppa\/wp-json\/wp\/v2\/product_cat?post=73727"},{"taxonomy":"product_tag","embeddable":true,"href":"https:\/\/logistiikkakeskus.net\/kauppa\/wp-json\/wp\/v2\/product_tag?post=73727"}],"curies":[{"name":"wp","href":"https:\/\/api.w.org\/{rel}","templated":true}]}}