{"id":73715,"date":"2022-12-01T09:31:37","date_gmt":"2022-12-01T09:31:37","guid":{"rendered":"https:\/\/logistiikkakeskus.net\/kauppa\/tuote\/roskapihti-iskas-42k-pistoolimalli-105cm\/"},"modified":"2026-01-20T09:18:15","modified_gmt":"2026-01-20T07:18:15","slug":"roskapihti-iskas-42k-pistoolimalli-105cm","status":"publish","type":"product","link":"https:\/\/logistiikkakeskus.net\/kauppa\/tuote\/roskapihti-iskas-42k-pistoolimalli-105cm\/","title":{"rendered":"Roskapihti Iskas 42K pistoolimalli 105cm"},"content":{"rendered":"<p>Laadukas roskapihti ammattik\u00e4ytt\u00f6\u00f6n.Kahva muovia, pihtiosa ter\u00e4st\u00e4, pihdeiss\u00e4 muovisuoja.Varsi alumiinia.Kokonaispituus 105 cm, paino 320 g.hakusanat: tarttumapihti, roskanpoimija<\/p>\n","protected":false},"excerpt":{"rendered":"<p>Laadukas roskapihti ammattik\u00e4ytt\u00f6\u00f6n.Kahva muovia, pihtiosa ter\u00e4st\u00e4, pihdeiss\u00e4 muovisuoja.Varsi alumiinia.Kokonaispituus 105 cm, paino 320 g.hakusanat: tarttumapihti, roskanpoimija<\/p>\n","protected":false},"featured_media":103509,"comment_status":"open","ping_status":"closed","template":"","meta":[],"product_brand":[],"product_cat":[3362],"product_tag":[],"class_list":{"0":"post-73715","1":"product","2":"type-product","3":"status-publish","4":"has-post-thumbnail","6":"product_cat-tyokalut-puutarhatyokalut-muut-puutarhatyokalut","8":"first","9":"instock","10":"shipping-taxable","11":"purchasable","12":"product-type-simple"},"_links":{"self":[{"href":"https:\/\/logistiikkakeskus.net\/kauppa\/wp-json\/wp\/v2\/product\/73715","targetHints":{"allow":["GET"]}}],"collection":[{"href":"https:\/\/logistiikkakeskus.net\/kauppa\/wp-json\/wp\/v2\/product"}],"about":[{"href":"https:\/\/logistiikkakeskus.net\/kauppa\/wp-json\/wp\/v2\/types\/product"}],"replies":[{"embeddable":true,"href":"https:\/\/logistiikkakeskus.net\/kauppa\/wp-json\/wp\/v2\/comments?post=73715"}],"wp:featuredmedia":[{"embeddable":true,"href":"https:\/\/logistiikkakeskus.net\/kauppa\/wp-json\/wp\/v2\/media\/103509"}],"wp:attachment":[{"href":"https:\/\/logistiikkakeskus.net\/kauppa\/wp-json\/wp\/v2\/media?parent=73715"}],"wp:term":[{"taxonomy":"product_brand","embeddable":true,"href":"https:\/\/logistiikkakeskus.net\/kauppa\/wp-json\/wp\/v2\/product_brand?post=73715"},{"taxonomy":"product_cat","embeddable":true,"href":"https:\/\/logistiikkakeskus.net\/kauppa\/wp-json\/wp\/v2\/product_cat?post=73715"},{"taxonomy":"product_tag","embeddable":true,"href":"https:\/\/logistiikkakeskus.net\/kauppa\/wp-json\/wp\/v2\/product_tag?post=73715"}],"curies":[{"name":"wp","href":"https:\/\/api.w.org\/{rel}","templated":true}]}}