{"id":73703,"date":"2022-12-01T09:31:33","date_gmt":"2022-12-01T09:31:33","guid":{"rendered":"https:\/\/logistiikkakeskus.net\/kauppa\/tuote\/alumiinikanki-teraskarki-150-cm-37-kg\/"},"modified":"2026-01-20T09:18:15","modified_gmt":"2026-01-20T07:18:15","slug":"alumiinikanki-teraskarki-150-cm-37-kg","status":"publish","type":"product","link":"https:\/\/logistiikkakeskus.net\/kauppa\/tuote\/alumiinikanki-teraskarki-150-cm-37-kg\/","title":{"rendered":"Alumiinikanki ter\u00e4sk\u00e4rki 150 cm 3,7 kg"},"content":{"rendered":"<p>Alumiinivartinen kanki \/ ter\u00e4sk\u00e4rkiAlumiinikanki kovaan k\u00e4ytt\u00f6\u00f6n.Taottu ter\u00e4sk\u00e4rki.Pituus 150 cm, paino 3,7 kg.hakusanat: rautakanki, ter\u00e4skanki<\/p>\n","protected":false},"excerpt":{"rendered":"<p>Alumiinivartinen kanki \/ ter\u00e4sk\u00e4rkiAlumiinikanki kovaan k\u00e4ytt\u00f6\u00f6n.Taottu ter\u00e4sk\u00e4rki.Pituus 150 cm, paino 3,7 kg.hakusanat: rautakanki, ter\u00e4skanki<\/p>\n","protected":false},"featured_media":103505,"comment_status":"open","ping_status":"closed","template":"","meta":[],"product_brand":[],"product_cat":[3362],"product_tag":[],"class_list":{"0":"post-73703","1":"product","2":"type-product","3":"status-publish","4":"has-post-thumbnail","6":"product_cat-tyokalut-puutarhatyokalut-muut-puutarhatyokalut","8":"first","9":"instock","10":"shipping-taxable","11":"purchasable","12":"product-type-simple"},"_links":{"self":[{"href":"https:\/\/logistiikkakeskus.net\/kauppa\/wp-json\/wp\/v2\/product\/73703","targetHints":{"allow":["GET"]}}],"collection":[{"href":"https:\/\/logistiikkakeskus.net\/kauppa\/wp-json\/wp\/v2\/product"}],"about":[{"href":"https:\/\/logistiikkakeskus.net\/kauppa\/wp-json\/wp\/v2\/types\/product"}],"replies":[{"embeddable":true,"href":"https:\/\/logistiikkakeskus.net\/kauppa\/wp-json\/wp\/v2\/comments?post=73703"}],"wp:featuredmedia":[{"embeddable":true,"href":"https:\/\/logistiikkakeskus.net\/kauppa\/wp-json\/wp\/v2\/media\/103505"}],"wp:attachment":[{"href":"https:\/\/logistiikkakeskus.net\/kauppa\/wp-json\/wp\/v2\/media?parent=73703"}],"wp:term":[{"taxonomy":"product_brand","embeddable":true,"href":"https:\/\/logistiikkakeskus.net\/kauppa\/wp-json\/wp\/v2\/product_brand?post=73703"},{"taxonomy":"product_cat","embeddable":true,"href":"https:\/\/logistiikkakeskus.net\/kauppa\/wp-json\/wp\/v2\/product_cat?post=73703"},{"taxonomy":"product_tag","embeddable":true,"href":"https:\/\/logistiikkakeskus.net\/kauppa\/wp-json\/wp\/v2\/product_tag?post=73703"}],"curies":[{"name":"wp","href":"https:\/\/api.w.org\/{rel}","templated":true}]}}