{"id":73697,"date":"2022-12-01T09:31:32","date_gmt":"2022-12-01T09:31:32","guid":{"rendered":"https:\/\/logistiikkakeskus.net\/kauppa\/tuote\/lumilapio-tyonnin-iskas-muovia\/"},"modified":"2026-01-20T09:18:15","modified_gmt":"2026-01-20T07:18:15","slug":"lumilapio-tyonnin-iskas-muovia","status":"publish","type":"product","link":"https:\/\/logistiikkakeskus.net\/kauppa\/tuote\/lumilapio-tyonnin-iskas-muovia\/","title":{"rendered":"Lumenty\u00f6nnin Masi Polar 55 AL"},"content":{"rendered":"<p>MASI POLAR 55 AL LUMENTY\u00d6NNINTUOTENUMERO 40090EAN-KOODI 6 417 511 400 900Kotimainen, j\u00e4m\u00e4kk\u00e4 ja tilava pitk\u00e4vartinen lumenty\u00f6nnin, jolla lumi saakyyti\u00e4.Irrottaa ja ker\u00e4\u00e4 lunta ja on hyv\u00e4 lumikolahommien viimeistelij\u00e4. Nytvarressa uusi entist\u00e4 pit\u00e4v\u00e4mpi ja l\u00e4mpim\u00e4mpi TPV-grippi. Pitk\u00e4st\u00e4litte\u00e4nsoikeasta alumiinivarresta saa hyv\u00e4n ty\u00f6asennon ja otteen.K\u00e4rjess\u00e4 alumiinivahvike. Kuuppa ja ponsi PP- muovia. Ty\u00f6leveys 55 cm,pituus 152 cm ja paino 1,55 kg.<\/p>\n","protected":false},"excerpt":{"rendered":"<p>MASI POLAR 55 AL LUMENTY\u00d6NNINTUOTENUMERO 40090EAN-KOODI 6 417 511 400 900Kotimainen, j\u00e4m\u00e4kk\u00e4 ja tilava pitk\u00e4vartinen lumenty\u00f6nnin, jolla lumi saakyyti\u00e4.Irrottaa ja ker\u00e4\u00e4 lunta ja on hyv\u00e4 lumikolahommien viimeistelij\u00e4. Nytvarressa uusi entist\u00e4 pit\u00e4v\u00e4mpi ja l\u00e4mpim\u00e4mpi TPV-grippi. Pitk\u00e4st\u00e4litte\u00e4nsoikeasta alumiinivarresta saa hyv\u00e4n ty\u00f6asennon ja otteen.K\u00e4rjess\u00e4 alumiinivahvike. Kuuppa ja ponsi PP- muovia. Ty\u00f6leveys 55 cm,pituus 152 cm ja paino 1,55 [&hellip;]<\/p>\n","protected":false},"featured_media":103502,"comment_status":"open","ping_status":"closed","template":"","meta":[],"product_brand":[],"product_cat":[3394],"product_tag":[],"class_list":{"0":"post-73697","1":"product","2":"type-product","3":"status-publish","4":"has-post-thumbnail","6":"product_cat-tyokalut-puutarhatyokalut-lapiot-kuokat-ja-talikot","8":"first","9":"instock","10":"shipping-taxable","11":"purchasable","12":"product-type-simple"},"_links":{"self":[{"href":"https:\/\/logistiikkakeskus.net\/kauppa\/wp-json\/wp\/v2\/product\/73697","targetHints":{"allow":["GET"]}}],"collection":[{"href":"https:\/\/logistiikkakeskus.net\/kauppa\/wp-json\/wp\/v2\/product"}],"about":[{"href":"https:\/\/logistiikkakeskus.net\/kauppa\/wp-json\/wp\/v2\/types\/product"}],"replies":[{"embeddable":true,"href":"https:\/\/logistiikkakeskus.net\/kauppa\/wp-json\/wp\/v2\/comments?post=73697"}],"wp:featuredmedia":[{"embeddable":true,"href":"https:\/\/logistiikkakeskus.net\/kauppa\/wp-json\/wp\/v2\/media\/103502"}],"wp:attachment":[{"href":"https:\/\/logistiikkakeskus.net\/kauppa\/wp-json\/wp\/v2\/media?parent=73697"}],"wp:term":[{"taxonomy":"product_brand","embeddable":true,"href":"https:\/\/logistiikkakeskus.net\/kauppa\/wp-json\/wp\/v2\/product_brand?post=73697"},{"taxonomy":"product_cat","embeddable":true,"href":"https:\/\/logistiikkakeskus.net\/kauppa\/wp-json\/wp\/v2\/product_cat?post=73697"},{"taxonomy":"product_tag","embeddable":true,"href":"https:\/\/logistiikkakeskus.net\/kauppa\/wp-json\/wp\/v2\/product_tag?post=73697"}],"curies":[{"name":"wp","href":"https:\/\/api.w.org\/{rel}","templated":true}]}}