{"id":73691,"date":"2022-12-01T09:31:30","date_gmt":"2022-12-01T09:31:30","guid":{"rendered":"https:\/\/logistiikkakeskus.net\/kauppa\/tuote\/pistolapio-iskas-terasputkivarrella\/"},"modified":"2026-01-20T09:18:15","modified_gmt":"2026-01-20T07:18:15","slug":"pistolapio-iskas-terasputkivarrella","status":"publish","type":"product","link":"https:\/\/logistiikkakeskus.net\/kauppa\/tuote\/pistolapio-iskas-terasputkivarrella\/","title":{"rendered":"Pistolapio Iskas ter\u00e4sputkivarrella"},"content":{"rendered":"<p>Lapio kovan ja kivisen maan kaivamiseen. Ter\u00e4sputkivarsi. Lapion pes\u00e4nja varren liitos hitsattu. Ergonominen kahva pakkasenkest\u00e4v\u00e4\u00e4 muovia.Pes\u00e4 karkaistua ter\u00e4st\u00e4, leveys 21 cm, pituus 125 cm, paino 2,2 kg.Suomessa valmistettu Avainlipputuote. Hakusana: kaivuulapio, monttulapio<\/p>\n","protected":false},"excerpt":{"rendered":"<p>Lapio kovan ja kivisen maan kaivamiseen. Ter\u00e4sputkivarsi. Lapion pes\u00e4nja varren liitos hitsattu. Ergonominen kahva pakkasenkest\u00e4v\u00e4\u00e4 muovia.Pes\u00e4 karkaistua ter\u00e4st\u00e4, leveys 21 cm, pituus 125 cm, paino 2,2 kg.Suomessa valmistettu Avainlipputuote. Hakusana: kaivuulapio, monttulapio<\/p>\n","protected":false},"featured_media":103499,"comment_status":"open","ping_status":"closed","template":"","meta":[],"product_brand":[],"product_cat":[3394],"product_tag":[],"class_list":{"0":"post-73691","1":"product","2":"type-product","3":"status-publish","4":"has-post-thumbnail","6":"product_cat-tyokalut-puutarhatyokalut-lapiot-kuokat-ja-talikot","8":"first","9":"instock","10":"shipping-taxable","11":"purchasable","12":"product-type-simple"},"_links":{"self":[{"href":"https:\/\/logistiikkakeskus.net\/kauppa\/wp-json\/wp\/v2\/product\/73691","targetHints":{"allow":["GET"]}}],"collection":[{"href":"https:\/\/logistiikkakeskus.net\/kauppa\/wp-json\/wp\/v2\/product"}],"about":[{"href":"https:\/\/logistiikkakeskus.net\/kauppa\/wp-json\/wp\/v2\/types\/product"}],"replies":[{"embeddable":true,"href":"https:\/\/logistiikkakeskus.net\/kauppa\/wp-json\/wp\/v2\/comments?post=73691"}],"wp:featuredmedia":[{"embeddable":true,"href":"https:\/\/logistiikkakeskus.net\/kauppa\/wp-json\/wp\/v2\/media\/103499"}],"wp:attachment":[{"href":"https:\/\/logistiikkakeskus.net\/kauppa\/wp-json\/wp\/v2\/media?parent=73691"}],"wp:term":[{"taxonomy":"product_brand","embeddable":true,"href":"https:\/\/logistiikkakeskus.net\/kauppa\/wp-json\/wp\/v2\/product_brand?post=73691"},{"taxonomy":"product_cat","embeddable":true,"href":"https:\/\/logistiikkakeskus.net\/kauppa\/wp-json\/wp\/v2\/product_cat?post=73691"},{"taxonomy":"product_tag","embeddable":true,"href":"https:\/\/logistiikkakeskus.net\/kauppa\/wp-json\/wp\/v2\/product_tag?post=73691"}],"curies":[{"name":"wp","href":"https:\/\/api.w.org\/{rel}","templated":true}]}}