{"id":73689,"date":"2022-12-01T09:31:29","date_gmt":"2022-12-01T09:31:29","guid":{"rendered":"https:\/\/logistiikkakeskus.net\/kauppa\/tuote\/puutarhapistolapio-iskas-terasputkivar\/"},"modified":"2026-01-20T09:18:15","modified_gmt":"2026-01-20T07:18:15","slug":"puutarhapistolapio-iskas-terasputkivar","status":"publish","type":"product","link":"https:\/\/logistiikkakeskus.net\/kauppa\/tuote\/puutarhapistolapio-iskas-terasputkivar\/","title":{"rendered":"Puutarhapistolapio Iskas ter\u00e4sputkivar."},"content":{"rendered":"<p>Pienempi pistolapio puutarhaan. Ter\u00e4sputkivarsi. Lapion pes\u00e4n ja varrenliitos hitsattu. Ergonominen kahva pakkasenkest\u00e4v\u00e4\u00e4 muovia. Pes\u00e4karkaistua ter\u00e4st\u00e4, leveys 20 cm, pituus 119 cm, paino 1,9 kg. Suomessavalmistettu Avainlipputuote.<\/p>\n","protected":false},"excerpt":{"rendered":"<p>Pienempi pistolapio puutarhaan. Ter\u00e4sputkivarsi. Lapion pes\u00e4n ja varrenliitos hitsattu. Ergonominen kahva pakkasenkest\u00e4v\u00e4\u00e4 muovia. Pes\u00e4karkaistua ter\u00e4st\u00e4, leveys 20 cm, pituus 119 cm, paino 1,9 kg. Suomessavalmistettu Avainlipputuote.<\/p>\n","protected":false},"featured_media":103498,"comment_status":"open","ping_status":"closed","template":"","meta":[],"product_brand":[],"product_cat":[3394],"product_tag":[],"class_list":{"0":"post-73689","1":"product","2":"type-product","3":"status-publish","4":"has-post-thumbnail","6":"product_cat-tyokalut-puutarhatyokalut-lapiot-kuokat-ja-talikot","8":"first","9":"instock","10":"shipping-taxable","11":"purchasable","12":"product-type-simple"},"_links":{"self":[{"href":"https:\/\/logistiikkakeskus.net\/kauppa\/wp-json\/wp\/v2\/product\/73689","targetHints":{"allow":["GET"]}}],"collection":[{"href":"https:\/\/logistiikkakeskus.net\/kauppa\/wp-json\/wp\/v2\/product"}],"about":[{"href":"https:\/\/logistiikkakeskus.net\/kauppa\/wp-json\/wp\/v2\/types\/product"}],"replies":[{"embeddable":true,"href":"https:\/\/logistiikkakeskus.net\/kauppa\/wp-json\/wp\/v2\/comments?post=73689"}],"wp:featuredmedia":[{"embeddable":true,"href":"https:\/\/logistiikkakeskus.net\/kauppa\/wp-json\/wp\/v2\/media\/103498"}],"wp:attachment":[{"href":"https:\/\/logistiikkakeskus.net\/kauppa\/wp-json\/wp\/v2\/media?parent=73689"}],"wp:term":[{"taxonomy":"product_brand","embeddable":true,"href":"https:\/\/logistiikkakeskus.net\/kauppa\/wp-json\/wp\/v2\/product_brand?post=73689"},{"taxonomy":"product_cat","embeddable":true,"href":"https:\/\/logistiikkakeskus.net\/kauppa\/wp-json\/wp\/v2\/product_cat?post=73689"},{"taxonomy":"product_tag","embeddable":true,"href":"https:\/\/logistiikkakeskus.net\/kauppa\/wp-json\/wp\/v2\/product_tag?post=73689"}],"curies":[{"name":"wp","href":"https:\/\/api.w.org\/{rel}","templated":true}]}}