{"id":73685,"date":"2022-12-01T09:31:28","date_gmt":"2022-12-01T09:31:28","guid":{"rendered":"https:\/\/logistiikkakeskus.net\/kauppa\/tuote\/betonilapio-terasputkivarrella-iskas\/"},"modified":"2026-01-20T09:18:15","modified_gmt":"2026-01-20T07:18:15","slug":"betonilapio-terasputkivarrella-iskas","status":"publish","type":"product","link":"https:\/\/logistiikkakeskus.net\/kauppa\/tuote\/betonilapio-terasputkivarrella-iskas\/","title":{"rendered":"Betonilapio ter\u00e4sputkivarrella Iskas"},"content":{"rendered":"<p>Betonilapio ter\u00e4sputkivarrella IskasBetonin, hiekan ja muun irtonaisen aineksen lapioimiseen.Ter\u00e4sputkivarsiLapion pes\u00e4n ja varren liitos hitsattuErgonominen kahva pakkasenkest\u00e4v\u00e4\u00e4 muoviaPituus 120 cmPaino 2,2 kgValmistettu Suomessa<\/p>\n","protected":false},"excerpt":{"rendered":"<p>Betonilapio ter\u00e4sputkivarrella IskasBetonin, hiekan ja muun irtonaisen aineksen lapioimiseen.Ter\u00e4sputkivarsiLapion pes\u00e4n ja varren liitos hitsattuErgonominen kahva pakkasenkest\u00e4v\u00e4\u00e4 muoviaPituus 120 cmPaino 2,2 kgValmistettu Suomessa<\/p>\n","protected":false},"featured_media":103496,"comment_status":"open","ping_status":"closed","template":"","meta":[],"product_brand":[],"product_cat":[3329],"product_tag":[],"class_list":{"0":"post-73685","1":"product","2":"type-product","3":"status-publish","4":"has-post-thumbnail","6":"product_cat-rakennustarvikkeet-laastit-ja-sementit-tarvikkeet-ja-lisaaineet","8":"first","9":"instock","10":"shipping-taxable","11":"purchasable","12":"product-type-simple"},"_links":{"self":[{"href":"https:\/\/logistiikkakeskus.net\/kauppa\/wp-json\/wp\/v2\/product\/73685","targetHints":{"allow":["GET"]}}],"collection":[{"href":"https:\/\/logistiikkakeskus.net\/kauppa\/wp-json\/wp\/v2\/product"}],"about":[{"href":"https:\/\/logistiikkakeskus.net\/kauppa\/wp-json\/wp\/v2\/types\/product"}],"replies":[{"embeddable":true,"href":"https:\/\/logistiikkakeskus.net\/kauppa\/wp-json\/wp\/v2\/comments?post=73685"}],"wp:featuredmedia":[{"embeddable":true,"href":"https:\/\/logistiikkakeskus.net\/kauppa\/wp-json\/wp\/v2\/media\/103496"}],"wp:attachment":[{"href":"https:\/\/logistiikkakeskus.net\/kauppa\/wp-json\/wp\/v2\/media?parent=73685"}],"wp:term":[{"taxonomy":"product_brand","embeddable":true,"href":"https:\/\/logistiikkakeskus.net\/kauppa\/wp-json\/wp\/v2\/product_brand?post=73685"},{"taxonomy":"product_cat","embeddable":true,"href":"https:\/\/logistiikkakeskus.net\/kauppa\/wp-json\/wp\/v2\/product_cat?post=73685"},{"taxonomy":"product_tag","embeddable":true,"href":"https:\/\/logistiikkakeskus.net\/kauppa\/wp-json\/wp\/v2\/product_tag?post=73685"}],"curies":[{"name":"wp","href":"https:\/\/api.w.org\/{rel}","templated":true}]}}