{"id":73675,"date":"2022-12-01T09:31:21","date_gmt":"2022-12-01T09:31:21","guid":{"rendered":"https:\/\/logistiikkakeskus.net\/kauppa\/tuote\/huomioliivi-riipputaskulla-stara-m\/"},"modified":"2026-01-20T09:18:13","modified_gmt":"2026-01-20T07:18:13","slug":"huomioliivi-riipputaskulla-stara-m","status":"publish","type":"product","link":"https:\/\/logistiikkakeskus.net\/kauppa\/tuote\/huomioliivi-riipputaskulla-stara-m\/","title":{"rendered":"Huomioliivi riipputaskulla Stara M"},"content":{"rendered":"<p>TILAUSTUOTE.TUOTTEELLA NORMAALIA PIDEMPI TOIMITUSAIKASTARAN TY\u00d6NTEKIJ\u00d6ILLE.Huomioliivit riipputaskulla Hivis 2.0Edess\u00e4 vetoketju ja levityspala,kaksi rintataskua,oikeassarintataskussa puhelintasku sek\u00e4 henkil\u00f6korttitasku (Pysty\/vaaka),vasemassa rintataskussa kyn\u00e4v\u00e4likk\u00f6 sek\u00e4 4-osainen ty\u00f6kalulenkki,vy\u00f6t\u00e4r\u00f6ll\u00e4 nelj\u00e4 riipputaskua joiden pohjat vahvistettu CORDURA \u00ae -materiaalilla,edess\u00e4 oikean riipputaskun p\u00e4\u00e4ll\u00e4 3-osainen ty\u00f6kalutaskuja lenkki,vasemmassa eturiipputaskussa p\u00e4\u00e4ll\u00e4 poranter\u00e4tasku,takariipputaskussa mittalokero, vasaralenkit sek\u00e4 molemmissa sivuissatarralla avattavat vasaranpidikelenkit,vy\u00f6lenkit,rasteriheijasteet.Standardit:N\u00e4kyv\u00e4 EN ISO 20471 luokka 2V\u00e4ri:Neonkeltainen\/musta<\/p>\n","protected":false},"excerpt":{"rendered":"<p>TILAUSTUOTE.TUOTTEELLA NORMAALIA PIDEMPI TOIMITUSAIKASTARAN TY\u00d6NTEKIJ\u00d6ILLE.Huomioliivit riipputaskulla Hivis 2.0Edess\u00e4 vetoketju ja levityspala,kaksi rintataskua,oikeassarintataskussa puhelintasku sek\u00e4 henkil\u00f6korttitasku (Pysty\/vaaka),vasemassa rintataskussa kyn\u00e4v\u00e4likk\u00f6 sek\u00e4 4-osainen ty\u00f6kalulenkki,vy\u00f6t\u00e4r\u00f6ll\u00e4 nelj\u00e4 riipputaskua joiden pohjat vahvistettu CORDURA \u00ae -materiaalilla,edess\u00e4 oikean riipputaskun p\u00e4\u00e4ll\u00e4 3-osainen ty\u00f6kalutaskuja lenkki,vasemmassa eturiipputaskussa p\u00e4\u00e4ll\u00e4 poranter\u00e4tasku,takariipputaskussa mittalokero, vasaralenkit sek\u00e4 molemmissa sivuissatarralla avattavat vasaranpidikelenkit,vy\u00f6lenkit,rasteriheijasteet.Standardit:N\u00e4kyv\u00e4 EN ISO 20471 luokka 2V\u00e4ri:Neonkeltainen\/musta<\/p>\n","protected":false},"featured_media":0,"comment_status":"open","ping_status":"closed","template":"","meta":[],"product_brand":[],"product_cat":[3412],"product_tag":[],"class_list":{"0":"post-73675","1":"product","2":"type-product","3":"status-publish","5":"product_cat-vaatteet-tyovaatteet-stara-kesavaatteet","7":"first","8":"instock","9":"shipping-taxable","10":"purchasable","11":"product-type-simple"},"_links":{"self":[{"href":"https:\/\/logistiikkakeskus.net\/kauppa\/wp-json\/wp\/v2\/product\/73675","targetHints":{"allow":["GET"]}}],"collection":[{"href":"https:\/\/logistiikkakeskus.net\/kauppa\/wp-json\/wp\/v2\/product"}],"about":[{"href":"https:\/\/logistiikkakeskus.net\/kauppa\/wp-json\/wp\/v2\/types\/product"}],"replies":[{"embeddable":true,"href":"https:\/\/logistiikkakeskus.net\/kauppa\/wp-json\/wp\/v2\/comments?post=73675"}],"wp:attachment":[{"href":"https:\/\/logistiikkakeskus.net\/kauppa\/wp-json\/wp\/v2\/media?parent=73675"}],"wp:term":[{"taxonomy":"product_brand","embeddable":true,"href":"https:\/\/logistiikkakeskus.net\/kauppa\/wp-json\/wp\/v2\/product_brand?post=73675"},{"taxonomy":"product_cat","embeddable":true,"href":"https:\/\/logistiikkakeskus.net\/kauppa\/wp-json\/wp\/v2\/product_cat?post=73675"},{"taxonomy":"product_tag","embeddable":true,"href":"https:\/\/logistiikkakeskus.net\/kauppa\/wp-json\/wp\/v2\/product_tag?post=73675"}],"curies":[{"name":"wp","href":"https:\/\/api.w.org\/{rel}","templated":true}]}}