{"id":73662,"date":"2022-12-01T09:31:13","date_gmt":"2022-12-01T09:31:13","guid":{"rendered":"https:\/\/logistiikkakeskus.net\/kauppa\/tuote\/t-paita-pitkah-kelt-heijastava-stara-l\/"},"modified":"2026-01-20T09:18:12","modified_gmt":"2026-01-20T07:18:12","slug":"t-paita-pitkah-kelt-heijastava-stara-l","status":"publish","type":"product","link":"https:\/\/logistiikkakeskus.net\/kauppa\/tuote\/t-paita-pitkah-kelt-heijastava-stara-l\/","title":{"rendered":"T-paita pitk\u00e4h kelt heijastava Stara L"},"content":{"rendered":"<p>Pitk\u00e4hihainen huomiokeltainen T-paita heijastimilla.V\u00e4ri: keltainen, STARA-painatus. EN ISO 20471:2013, lk. 2Vasemmassa hihassa ID tasku. Istutetut hihat. Materiaali: 100%polyesteri, 180 g\/m2<\/p>\n","protected":false},"excerpt":{"rendered":"<p>Pitk\u00e4hihainen huomiokeltainen T-paita heijastimilla.V\u00e4ri: keltainen, STARA-painatus. EN ISO 20471:2013, lk. 2Vasemmassa hihassa ID tasku. Istutetut hihat. Materiaali: 100%polyesteri, 180 g\/m2<\/p>\n","protected":false},"featured_media":0,"comment_status":"open","ping_status":"closed","template":"","meta":[],"product_brand":[],"product_cat":[3412],"product_tag":[],"class_list":{"0":"post-73662","1":"product","2":"type-product","3":"status-publish","5":"product_cat-vaatteet-tyovaatteet-stara-kesavaatteet","7":"first","8":"instock","9":"shipping-taxable","10":"purchasable","11":"product-type-simple"},"_links":{"self":[{"href":"https:\/\/logistiikkakeskus.net\/kauppa\/wp-json\/wp\/v2\/product\/73662","targetHints":{"allow":["GET"]}}],"collection":[{"href":"https:\/\/logistiikkakeskus.net\/kauppa\/wp-json\/wp\/v2\/product"}],"about":[{"href":"https:\/\/logistiikkakeskus.net\/kauppa\/wp-json\/wp\/v2\/types\/product"}],"replies":[{"embeddable":true,"href":"https:\/\/logistiikkakeskus.net\/kauppa\/wp-json\/wp\/v2\/comments?post=73662"}],"wp:attachment":[{"href":"https:\/\/logistiikkakeskus.net\/kauppa\/wp-json\/wp\/v2\/media?parent=73662"}],"wp:term":[{"taxonomy":"product_brand","embeddable":true,"href":"https:\/\/logistiikkakeskus.net\/kauppa\/wp-json\/wp\/v2\/product_brand?post=73662"},{"taxonomy":"product_cat","embeddable":true,"href":"https:\/\/logistiikkakeskus.net\/kauppa\/wp-json\/wp\/v2\/product_cat?post=73662"},{"taxonomy":"product_tag","embeddable":true,"href":"https:\/\/logistiikkakeskus.net\/kauppa\/wp-json\/wp\/v2\/product_tag?post=73662"}],"curies":[{"name":"wp","href":"https:\/\/api.w.org\/{rel}","templated":true}]}}