{"id":73637,"date":"2022-12-01T09:31:03","date_gmt":"2022-12-01T09:31:03","guid":{"rendered":"https:\/\/logistiikkakeskus.net\/kauppa\/tuote\/huomio-cabri-keltsin-stara-c54\/"},"modified":"2026-01-20T09:18:10","modified_gmt":"2026-01-20T07:18:10","slug":"huomio-cabri-keltsin-stara-c54","status":"publish","type":"product","link":"https:\/\/logistiikkakeskus.net\/kauppa\/tuote\/huomio-cabri-keltsin-stara-c54\/","title":{"rendered":"Huomiocaprihousut LK1 Stara, C54"},"content":{"rendered":"<p>TILAUSTUOTE.TUOTTEELLA NORMAALIA PIDEMPI TOIMITUSAIKA.<\/p>\n<h2>Caprihousut Hi-Vis LK1 6544 Engel<\/h2>\n<p>Toimivat ja kest\u00e4v\u00e4t fluoresoivat housut modernillaleikkauksella.Kangas on kest\u00e4v\u00e4\u00e4 ja hengitt\u00e4v\u00e4\u00e4, ja se on valmistettu 50 % kest\u00e4v\u00e4st\u00e4regeneroidusta polyesterista. Vy\u00f6t\u00e4r\u00f6ll\u00e4 oleva kuminauha varmistaaerinomaisen istuvuuden ja tarkoittaa, ett\u00e4 housut pysyv\u00e4t paikoillaanliikkeen aikana. Vahvistetut CORDURA-materiaalista valmistetutpolvi-\/polvitaskut, tarrakiinnitys alareunassa. Heijastimet reisienymp\u00e4rill\u00e4. Luokka 1. Testattu 50 konepesun j\u00e4lkeen.<\/p>\n<ul>\n<li>Napit ripustettavien taskujen nopeaan ja helppoonkiinnitykseen\n<li>Edess\u00e4 D-rengas mm. henkil\u00f6kortti\n<li>Kaksi tilavaa etutaskua\n<li>Kaksi takataskua napilla ja tarrakiinnityksell\u00e4\n<li>Kaksi reisitaskua tarranauhalla\n<li>Vasemmassa reisitaskussa on ylim\u00e4\u00e4r\u00e4inen puhelintasku jasis\u00e4taskumm. radiopuhelin\n<li>Oikealla puolella on sis\u00e4tasku mm. viivoittimelle<\/ul>\n<p><i>Hakusanat: ca<\/p>\n","protected":false},"excerpt":{"rendered":"<p>TILAUSTUOTE.TUOTTEELLA NORMAALIA PIDEMPI TOIMITUSAIKA. Caprihousut Hi-Vis LK1 6544 Engel Toimivat ja kest\u00e4v\u00e4t fluoresoivat housut modernillaleikkauksella.Kangas on kest\u00e4v\u00e4\u00e4 ja hengitt\u00e4v\u00e4\u00e4, ja se on valmistettu 50 % kest\u00e4v\u00e4st\u00e4regeneroidusta polyesterista. Vy\u00f6t\u00e4r\u00f6ll\u00e4 oleva kuminauha varmistaaerinomaisen istuvuuden ja tarkoittaa, ett\u00e4 housut pysyv\u00e4t paikoillaanliikkeen aikana. Vahvistetut CORDURA-materiaalista valmistetutpolvi-\/polvitaskut, tarrakiinnitys alareunassa. Heijastimet reisienymp\u00e4rill\u00e4. Luokka 1. Testattu 50 konepesun j\u00e4lkeen. Napit ripustettavien taskujen [&hellip;]<\/p>\n","protected":false},"featured_media":0,"comment_status":"open","ping_status":"closed","template":"","meta":[],"product_brand":[],"product_cat":[3412],"product_tag":[],"class_list":{"0":"post-73637","1":"product","2":"type-product","3":"status-publish","5":"product_cat-vaatteet-tyovaatteet-stara-kesavaatteet","7":"first","8":"instock","9":"shipping-taxable","10":"purchasable","11":"product-type-simple"},"_links":{"self":[{"href":"https:\/\/logistiikkakeskus.net\/kauppa\/wp-json\/wp\/v2\/product\/73637","targetHints":{"allow":["GET"]}}],"collection":[{"href":"https:\/\/logistiikkakeskus.net\/kauppa\/wp-json\/wp\/v2\/product"}],"about":[{"href":"https:\/\/logistiikkakeskus.net\/kauppa\/wp-json\/wp\/v2\/types\/product"}],"replies":[{"embeddable":true,"href":"https:\/\/logistiikkakeskus.net\/kauppa\/wp-json\/wp\/v2\/comments?post=73637"}],"wp:attachment":[{"href":"https:\/\/logistiikkakeskus.net\/kauppa\/wp-json\/wp\/v2\/media?parent=73637"}],"wp:term":[{"taxonomy":"product_brand","embeddable":true,"href":"https:\/\/logistiikkakeskus.net\/kauppa\/wp-json\/wp\/v2\/product_brand?post=73637"},{"taxonomy":"product_cat","embeddable":true,"href":"https:\/\/logistiikkakeskus.net\/kauppa\/wp-json\/wp\/v2\/product_cat?post=73637"},{"taxonomy":"product_tag","embeddable":true,"href":"https:\/\/logistiikkakeskus.net\/kauppa\/wp-json\/wp\/v2\/product_tag?post=73637"}],"curies":[{"name":"wp","href":"https:\/\/api.w.org\/{rel}","templated":true}]}}