{"id":73614,"date":"2022-12-01T09:30:55","date_gmt":"2022-12-01T09:30:55","guid":{"rendered":"https:\/\/logistiikkakeskus.net\/kauppa\/tuote\/saumanaru-4513-vuorio-3-mm-30-m\/"},"modified":"2026-01-20T09:18:09","modified_gmt":"2026-01-20T07:18:09","slug":"saumanaru-4513-vuorio-3-mm-30-m","status":"publish","type":"product","link":"https:\/\/logistiikkakeskus.net\/kauppa\/tuote\/saumanaru-4513-vuorio-3-mm-30-m\/","title":{"rendered":"Saumanaru 4513 Vuorio, 3 mm \/ 30 m"},"content":{"rendered":"<p>Saumanaru 4513 Vuorio, 3 mm \/ 30 mLaattasaumav\u00e4lin m\u00e4\u00e4ritt\u00e4miseen.Narun paksuus 3 mm. Rullassa on 30 metri\u00e4.<\/p>\n","protected":false},"excerpt":{"rendered":"<p>Saumanaru 4513 Vuorio, 3 mm \/ 30 mLaattasaumav\u00e4lin m\u00e4\u00e4ritt\u00e4miseen.Narun paksuus 3 mm. Rullassa on 30 metri\u00e4.<\/p>\n","protected":false},"featured_media":103478,"comment_status":"open","ping_status":"closed","template":"","meta":[],"product_brand":[],"product_cat":[3329],"product_tag":[],"class_list":{"0":"post-73614","1":"product","2":"type-product","3":"status-publish","4":"has-post-thumbnail","6":"product_cat-rakennustarvikkeet-laastit-ja-sementit-tarvikkeet-ja-lisaaineet","8":"first","9":"instock","10":"shipping-taxable","11":"purchasable","12":"product-type-simple"},"_links":{"self":[{"href":"https:\/\/logistiikkakeskus.net\/kauppa\/wp-json\/wp\/v2\/product\/73614","targetHints":{"allow":["GET"]}}],"collection":[{"href":"https:\/\/logistiikkakeskus.net\/kauppa\/wp-json\/wp\/v2\/product"}],"about":[{"href":"https:\/\/logistiikkakeskus.net\/kauppa\/wp-json\/wp\/v2\/types\/product"}],"replies":[{"embeddable":true,"href":"https:\/\/logistiikkakeskus.net\/kauppa\/wp-json\/wp\/v2\/comments?post=73614"}],"wp:featuredmedia":[{"embeddable":true,"href":"https:\/\/logistiikkakeskus.net\/kauppa\/wp-json\/wp\/v2\/media\/103478"}],"wp:attachment":[{"href":"https:\/\/logistiikkakeskus.net\/kauppa\/wp-json\/wp\/v2\/media?parent=73614"}],"wp:term":[{"taxonomy":"product_brand","embeddable":true,"href":"https:\/\/logistiikkakeskus.net\/kauppa\/wp-json\/wp\/v2\/product_brand?post=73614"},{"taxonomy":"product_cat","embeddable":true,"href":"https:\/\/logistiikkakeskus.net\/kauppa\/wp-json\/wp\/v2\/product_cat?post=73614"},{"taxonomy":"product_tag","embeddable":true,"href":"https:\/\/logistiikkakeskus.net\/kauppa\/wp-json\/wp\/v2\/product_tag?post=73614"}],"curies":[{"name":"wp","href":"https:\/\/api.w.org\/{rel}","templated":true}]}}