{"id":73581,"date":"2022-12-01T09:30:43","date_gmt":"2022-12-01T09:30:43","guid":{"rendered":"https:\/\/logistiikkakeskus.net\/kauppa\/tuote\/saapassukka-tesema-6016-vihrea-43-45\/"},"modified":"2026-01-20T09:18:08","modified_gmt":"2026-01-20T07:18:08","slug":"saapassukka-tesema-6016-vihrea-43-45","status":"publish","type":"product","link":"https:\/\/logistiikkakeskus.net\/kauppa\/tuote\/saapassukka-tesema-6016-vihrea-43-45\/","title":{"rendered":"Saapassukka Tesema 6016 vihre\u00e4 43-45"},"content":{"rendered":"<p>Vahva vihre\u00e4 saapassukka on 75% villaa ja 25% polyamidia.Konepest\u00e4v\u00e4t 60 asteessa.hakusana: villasukka<\/p>\n","protected":false},"excerpt":{"rendered":"<p>Vahva vihre\u00e4 saapassukka on 75% villaa ja 25% polyamidia.Konepest\u00e4v\u00e4t 60 asteessa.hakusana: villasukka<\/p>\n","protected":false},"featured_media":103471,"comment_status":"open","ping_status":"closed","template":"","meta":[],"product_brand":[],"product_cat":[3334],"product_tag":[],"class_list":{"0":"post-73581","1":"product","2":"type-product","3":"status-publish","4":"has-post-thumbnail","6":"product_cat-vaatteet-jalkineet-tarvikkeet-ja-kenganhoitotuotteet","8":"first","9":"instock","10":"shipping-taxable","11":"purchasable","12":"product-type-simple"},"_links":{"self":[{"href":"https:\/\/logistiikkakeskus.net\/kauppa\/wp-json\/wp\/v2\/product\/73581","targetHints":{"allow":["GET"]}}],"collection":[{"href":"https:\/\/logistiikkakeskus.net\/kauppa\/wp-json\/wp\/v2\/product"}],"about":[{"href":"https:\/\/logistiikkakeskus.net\/kauppa\/wp-json\/wp\/v2\/types\/product"}],"replies":[{"embeddable":true,"href":"https:\/\/logistiikkakeskus.net\/kauppa\/wp-json\/wp\/v2\/comments?post=73581"}],"wp:featuredmedia":[{"embeddable":true,"href":"https:\/\/logistiikkakeskus.net\/kauppa\/wp-json\/wp\/v2\/media\/103471"}],"wp:attachment":[{"href":"https:\/\/logistiikkakeskus.net\/kauppa\/wp-json\/wp\/v2\/media?parent=73581"}],"wp:term":[{"taxonomy":"product_brand","embeddable":true,"href":"https:\/\/logistiikkakeskus.net\/kauppa\/wp-json\/wp\/v2\/product_brand?post=73581"},{"taxonomy":"product_cat","embeddable":true,"href":"https:\/\/logistiikkakeskus.net\/kauppa\/wp-json\/wp\/v2\/product_cat?post=73581"},{"taxonomy":"product_tag","embeddable":true,"href":"https:\/\/logistiikkakeskus.net\/kauppa\/wp-json\/wp\/v2\/product_tag?post=73581"}],"curies":[{"name":"wp","href":"https:\/\/api.w.org\/{rel}","templated":true}]}}