{"id":73565,"date":"2022-12-01T09:30:37","date_gmt":"2022-12-01T09:30:37","guid":{"rendered":"https:\/\/logistiikkakeskus.net\/kauppa\/tuote\/puhallushiekka-weber-01-06-mm-20-kg\/"},"modified":"2026-01-20T09:18:08","modified_gmt":"2026-01-20T07:18:08","slug":"puhallushiekka-weber-01-06-mm-20-kg","status":"publish","type":"product","link":"https:\/\/logistiikkakeskus.net\/kauppa\/tuote\/puhallushiekka-weber-01-06-mm-20-kg\/","title":{"rendered":"Puhallushiekka Weber 0,1-0,6 mm, 20 kg"},"content":{"rendered":"<p>Hiekkapuhallukseen ja ymp\u00e4rist\u00f6rakentamiseen. 100% luonnonhiekasta tai -kivest\u00e4 valmistettua lataus-, tasaus-, leikki- tai hiekoitussepeli\u00e4.Hienojakoisen kvartsin pitoisuus < 0,1 % (< 5 my).\n<\/p>\n","protected":false},"excerpt":{"rendered":"<p>Hiekkapuhallukseen ja ymp\u00e4rist\u00f6rakentamiseen. 100% luonnonhiekasta tai -kivest\u00e4 valmistettua lataus-, tasaus-, leikki- tai hiekoitussepeli\u00e4.Hienojakoisen kvartsin pitoisuus < 0,1 % (< 5 my).\n<\/p>\n","protected":false},"featured_media":103465,"comment_status":"open","ping_status":"closed","template":"","meta":[],"product_brand":[],"product_cat":[3366],"product_tag":[],"class_list":{"0":"post-73565","1":"product","2":"type-product","3":"status-publish","4":"has-post-thumbnail","6":"product_cat-kiinteistotarvikkeet-liukkaudentorjunta-hiekat","8":"first","9":"instock","10":"shipping-taxable","11":"purchasable","12":"product-type-simple"},"_links":{"self":[{"href":"https:\/\/logistiikkakeskus.net\/kauppa\/wp-json\/wp\/v2\/product\/73565","targetHints":{"allow":["GET"]}}],"collection":[{"href":"https:\/\/logistiikkakeskus.net\/kauppa\/wp-json\/wp\/v2\/product"}],"about":[{"href":"https:\/\/logistiikkakeskus.net\/kauppa\/wp-json\/wp\/v2\/types\/product"}],"replies":[{"embeddable":true,"href":"https:\/\/logistiikkakeskus.net\/kauppa\/wp-json\/wp\/v2\/comments?post=73565"}],"wp:featuredmedia":[{"embeddable":true,"href":"https:\/\/logistiikkakeskus.net\/kauppa\/wp-json\/wp\/v2\/media\/103465"}],"wp:attachment":[{"href":"https:\/\/logistiikkakeskus.net\/kauppa\/wp-json\/wp\/v2\/media?parent=73565"}],"wp:term":[{"taxonomy":"product_brand","embeddable":true,"href":"https:\/\/logistiikkakeskus.net\/kauppa\/wp-json\/wp\/v2\/product_brand?post=73565"},{"taxonomy":"product_cat","embeddable":true,"href":"https:\/\/logistiikkakeskus.net\/kauppa\/wp-json\/wp\/v2\/product_cat?post=73565"},{"taxonomy":"product_tag","embeddable":true,"href":"https:\/\/logistiikkakeskus.net\/kauppa\/wp-json\/wp\/v2\/product_tag?post=73565"}],"curies":[{"name":"wp","href":"https:\/\/api.w.org\/{rel}","templated":true}]}}