{"id":73563,"date":"2022-12-01T09:30:37","date_gmt":"2022-12-01T09:30:37","guid":{"rendered":"https:\/\/logistiikkakeskus.net\/kauppa\/tuote\/juotosbetoni-weber-jb-6003-25-kg\/"},"modified":"2025-10-15T10:18:40","modified_gmt":"2025-10-15T07:18:40","slug":"juotosbetoni-weber-jb-6003-25-kg","status":"publish","type":"product","link":"https:\/\/logistiikkakeskus.net\/kauppa\/tuote\/juotosbetoni-weber-jb-6003-25-kg\/","title":{"rendered":"Juotosbetoni Weber JB 600\/3, 25 kg"},"content":{"rendered":"<p>Betonielementtien asennus-, saumaus- ja j\u00e4lkivalut\u00f6ihin,ankkurointijuotoksiin sek\u00e4 ahtaisiin ja vaikeisiin j\u00e4lki- jat\u00e4ytt\u00f6valuihin.Suola-pakkaskest\u00e4v\u00e4 R4-luokan juokseva, lujuudenkehitykselt\u00e4\u00e4n nopeamassa, jonka tilavuus kasvaa hieman ennen sitoutumisen alkua.Betoninormin SFS-EN 206 mukainen lujuusluokka C50\/60-4. Maksimi raekoko4 mm. Valmista massaa 11\u201312 l\/25 kg.<\/p>\n","protected":false},"excerpt":{"rendered":"<p>Betonielementtien asennus-, saumaus- ja j\u00e4lkivalut\u00f6ihin,ankkurointijuotoksiin sek\u00e4 ahtaisiin ja vaikeisiin j\u00e4lki- jat\u00e4ytt\u00f6valuihin.Suola-pakkaskest\u00e4v\u00e4 R4-luokan juokseva, lujuudenkehitykselt\u00e4\u00e4n nopeamassa, jonka tilavuus kasvaa hieman ennen sitoutumisen alkua.Betoninormin SFS-EN 206 mukainen lujuusluokka C50\/60-4. Maksimi raekoko4 mm. Valmista massaa 11\u201312 l\/25 kg.<\/p>\n","protected":false},"featured_media":0,"comment_status":"open","ping_status":"closed","template":"","meta":[],"product_brand":[],"product_cat":[3426],"product_tag":[],"class_list":{"0":"post-73563","1":"product","2":"type-product","3":"status-publish","5":"product_cat-rakennustarvikkeet-laastit-ja-sementit-sementit-ja-kalkit","7":"first","8":"instock","9":"shipping-taxable","10":"purchasable","11":"product-type-simple"},"_links":{"self":[{"href":"https:\/\/logistiikkakeskus.net\/kauppa\/wp-json\/wp\/v2\/product\/73563","targetHints":{"allow":["GET"]}}],"collection":[{"href":"https:\/\/logistiikkakeskus.net\/kauppa\/wp-json\/wp\/v2\/product"}],"about":[{"href":"https:\/\/logistiikkakeskus.net\/kauppa\/wp-json\/wp\/v2\/types\/product"}],"replies":[{"embeddable":true,"href":"https:\/\/logistiikkakeskus.net\/kauppa\/wp-json\/wp\/v2\/comments?post=73563"}],"wp:attachment":[{"href":"https:\/\/logistiikkakeskus.net\/kauppa\/wp-json\/wp\/v2\/media?parent=73563"}],"wp:term":[{"taxonomy":"product_brand","embeddable":true,"href":"https:\/\/logistiikkakeskus.net\/kauppa\/wp-json\/wp\/v2\/product_brand?post=73563"},{"taxonomy":"product_cat","embeddable":true,"href":"https:\/\/logistiikkakeskus.net\/kauppa\/wp-json\/wp\/v2\/product_cat?post=73563"},{"taxonomy":"product_tag","embeddable":true,"href":"https:\/\/logistiikkakeskus.net\/kauppa\/wp-json\/wp\/v2\/product_tag?post=73563"}],"curies":[{"name":"wp","href":"https:\/\/api.w.org\/{rel}","templated":true}]}}