{"id":73551,"date":"2022-12-01T09:30:33","date_gmt":"2022-12-01T09:30:33","guid":{"rendered":"https:\/\/logistiikkakeskus.net\/kauppa\/tuote\/puhallinsuojainpkt-sundstrom-sr500sr200\/"},"modified":"2026-01-20T09:18:07","modified_gmt":"2026-01-20T07:18:07","slug":"puhallinsuojainpkt-sundstrom-sr500sr200","status":"publish","type":"product","link":"https:\/\/logistiikkakeskus.net\/kauppa\/tuote\/puhallinsuojainpkt-sundstrom-sr500sr200\/","title":{"rendered":"Puhallinsuojainpkt Sundstr\u00f6m SR500\/SR200"},"content":{"rendered":"<p>Valmispaketti, joka sis\u00e4lt\u00e4\u00e4 SR 500 puhaltimen, SR 200 kokonaamarin,SR 550 letkun, akku, laturi, tukivy\u00f6n ja 2 hiukkassuodatinta. Hakusanat:moottorimaski, hengityksensuojain, p\u00f6lynsuojain.<\/p>\n","protected":false},"excerpt":{"rendered":"<p>Valmispaketti, joka sis\u00e4lt\u00e4\u00e4 SR 500 puhaltimen, SR 200 kokonaamarin,SR 550 letkun, akku, laturi, tukivy\u00f6n ja 2 hiukkassuodatinta. Hakusanat:moottorimaski, hengityksensuojain, p\u00f6lynsuojain.<\/p>\n","protected":false},"featured_media":103460,"comment_status":"open","ping_status":"closed","template":"","meta":[],"product_brand":[],"product_cat":[3399],"product_tag":[],"class_list":{"0":"post-73551","1":"product","2":"type-product","3":"status-publish","4":"has-post-thumbnail","6":"product_cat-henkilonsuojaimet-ja-tyoturvallisuus-henkilonsuojaimet-hengityssuojaimet","8":"first","9":"instock","10":"shipping-taxable","11":"purchasable","12":"product-type-simple"},"_links":{"self":[{"href":"https:\/\/logistiikkakeskus.net\/kauppa\/wp-json\/wp\/v2\/product\/73551","targetHints":{"allow":["GET"]}}],"collection":[{"href":"https:\/\/logistiikkakeskus.net\/kauppa\/wp-json\/wp\/v2\/product"}],"about":[{"href":"https:\/\/logistiikkakeskus.net\/kauppa\/wp-json\/wp\/v2\/types\/product"}],"replies":[{"embeddable":true,"href":"https:\/\/logistiikkakeskus.net\/kauppa\/wp-json\/wp\/v2\/comments?post=73551"}],"wp:featuredmedia":[{"embeddable":true,"href":"https:\/\/logistiikkakeskus.net\/kauppa\/wp-json\/wp\/v2\/media\/103460"}],"wp:attachment":[{"href":"https:\/\/logistiikkakeskus.net\/kauppa\/wp-json\/wp\/v2\/media?parent=73551"}],"wp:term":[{"taxonomy":"product_brand","embeddable":true,"href":"https:\/\/logistiikkakeskus.net\/kauppa\/wp-json\/wp\/v2\/product_brand?post=73551"},{"taxonomy":"product_cat","embeddable":true,"href":"https:\/\/logistiikkakeskus.net\/kauppa\/wp-json\/wp\/v2\/product_cat?post=73551"},{"taxonomy":"product_tag","embeddable":true,"href":"https:\/\/logistiikkakeskus.net\/kauppa\/wp-json\/wp\/v2\/product_tag?post=73551"}],"curies":[{"name":"wp","href":"https:\/\/api.w.org\/{rel}","templated":true}]}}