{"id":73535,"date":"2022-12-01T09:30:28","date_gmt":"2022-12-01T09:30:28","guid":{"rendered":"https:\/\/logistiikkakeskus.net\/kauppa\/tuote\/kaasunsuodatin-sr-518-a2-puhallinsuoja\/"},"modified":"2026-01-20T09:18:07","modified_gmt":"2026-01-20T07:18:07","slug":"kaasunsuodatin-sr-518-a2-puhallinsuoja","status":"publish","type":"product","link":"https:\/\/logistiikkakeskus.net\/kauppa\/tuote\/kaasunsuodatin-sr-518-a2-puhallinsuoja\/","title":{"rendered":"Kaasunsuodatin SR 518 A2 puhallinsuoja"},"content":{"rendered":"<p>SR 518 A2 -kaasusuodatin on tarkoitettu k\u00e4ytett\u00e4v\u00e4ksi SR 500-puhaltimessa. Suojaa orgaanisilta kaasuilta ja h\u00f6yryilt\u00e4, kutenliuottimilta, joiden kiehumispiste > +65 C. SR 500-puhallinyksikk\u00f6\u00e4 onk\u00e4ytett\u00e4v\u00e4 P3-suodattimen kanssa (410540). Myyntier\u00e4 1 kpl (2 kpl\/pkt).Hakusana: moottorimaski<\/p>\n","protected":false},"excerpt":{"rendered":"<p>SR 518 A2 -kaasusuodatin on tarkoitettu k\u00e4ytett\u00e4v\u00e4ksi SR 500-puhaltimessa. Suojaa orgaanisilta kaasuilta ja h\u00f6yryilt\u00e4, kutenliuottimilta, joiden kiehumispiste > +65 C. SR 500-puhallinyksikk\u00f6\u00e4 onk\u00e4ytett\u00e4v\u00e4 P3-suodattimen kanssa (410540). Myyntier\u00e4 1 kpl (2 kpl\/pkt).Hakusana: moottorimaski<\/p>\n","protected":false},"featured_media":103457,"comment_status":"open","ping_status":"closed","template":"","meta":[],"product_brand":[],"product_cat":[3399],"product_tag":[],"class_list":{"0":"post-73535","1":"product","2":"type-product","3":"status-publish","4":"has-post-thumbnail","6":"product_cat-henkilonsuojaimet-ja-tyoturvallisuus-henkilonsuojaimet-hengityssuojaimet","8":"first","9":"instock","10":"shipping-taxable","11":"purchasable","12":"product-type-simple"},"_links":{"self":[{"href":"https:\/\/logistiikkakeskus.net\/kauppa\/wp-json\/wp\/v2\/product\/73535","targetHints":{"allow":["GET"]}}],"collection":[{"href":"https:\/\/logistiikkakeskus.net\/kauppa\/wp-json\/wp\/v2\/product"}],"about":[{"href":"https:\/\/logistiikkakeskus.net\/kauppa\/wp-json\/wp\/v2\/types\/product"}],"replies":[{"embeddable":true,"href":"https:\/\/logistiikkakeskus.net\/kauppa\/wp-json\/wp\/v2\/comments?post=73535"}],"wp:featuredmedia":[{"embeddable":true,"href":"https:\/\/logistiikkakeskus.net\/kauppa\/wp-json\/wp\/v2\/media\/103457"}],"wp:attachment":[{"href":"https:\/\/logistiikkakeskus.net\/kauppa\/wp-json\/wp\/v2\/media?parent=73535"}],"wp:term":[{"taxonomy":"product_brand","embeddable":true,"href":"https:\/\/logistiikkakeskus.net\/kauppa\/wp-json\/wp\/v2\/product_brand?post=73535"},{"taxonomy":"product_cat","embeddable":true,"href":"https:\/\/logistiikkakeskus.net\/kauppa\/wp-json\/wp\/v2\/product_cat?post=73535"},{"taxonomy":"product_tag","embeddable":true,"href":"https:\/\/logistiikkakeskus.net\/kauppa\/wp-json\/wp\/v2\/product_tag?post=73535"}],"curies":[{"name":"wp","href":"https:\/\/api.w.org\/{rel}","templated":true}]}}