{"id":73525,"date":"2022-12-01T09:30:25","date_gmt":"2022-12-01T09:30:25","guid":{"rendered":"https:\/\/logistiikkakeskus.net\/kauppa\/tuote\/polvisuoja-kuppimalli-tarrahihnoilla\/"},"modified":"2026-01-20T09:18:07","modified_gmt":"2026-01-20T07:18:07","slug":"polvisuoja-kuppimalli-tarrahihnoilla","status":"publish","type":"product","link":"https:\/\/logistiikkakeskus.net\/kauppa\/tuote\/polvisuoja-kuppimalli-tarrahihnoilla\/","title":{"rendered":"Polvisuoja kuppimalli tarrakiinityksell\u00e4"},"content":{"rendered":"<p>Polvisuoja kuppimalli tarrahihnoillaKuppimalliset polvisuojat s\u00e4\u00e4st\u00e4v\u00e4t niveli\u00e4, ovat mukavat ja kevyetk\u00e4ytt\u00e4\u00e4. Helppo kiinnitt\u00e4\u00e4 paikoilleen k\u00e4tev\u00e4n tarranauha-kiinnityksenansiosta. Soveltuvat loistavasti k\u00e4ytett\u00e4v\u00e4ksi mm.siivotessa, autoa korjatessa, puutarhan hoitot\u00f6iss\u00e4 sek\u00e4 aina silloinkun polvet ovat kovilla erilaisia teht\u00e4vi\u00e4 suoritettaessa. Tarkoitettuammatti- ja kotik\u00e4ytt\u00f6\u00f6n.<\/p>\n","protected":false},"excerpt":{"rendered":"<p>Polvisuoja kuppimalli tarrahihnoillaKuppimalliset polvisuojat s\u00e4\u00e4st\u00e4v\u00e4t niveli\u00e4, ovat mukavat ja kevyetk\u00e4ytt\u00e4\u00e4. Helppo kiinnitt\u00e4\u00e4 paikoilleen k\u00e4tev\u00e4n tarranauha-kiinnityksenansiosta. Soveltuvat loistavasti k\u00e4ytett\u00e4v\u00e4ksi mm.siivotessa, autoa korjatessa, puutarhan hoitot\u00f6iss\u00e4 sek\u00e4 aina silloinkun polvet ovat kovilla erilaisia teht\u00e4vi\u00e4 suoritettaessa. Tarkoitettuammatti- ja kotik\u00e4ytt\u00f6\u00f6n.<\/p>\n","protected":false},"featured_media":103456,"comment_status":"open","ping_status":"closed","template":"","meta":[],"product_brand":[],"product_cat":[3373],"product_tag":[],"class_list":{"0":"post-73525","1":"product","2":"type-product","3":"status-publish","4":"has-post-thumbnail","6":"product_cat-henkilonsuojaimet-ja-tyoturvallisuus-henkilonsuojaimet-kyparat-ja-tarvikkeet","8":"first","9":"instock","10":"shipping-taxable","11":"purchasable","12":"product-type-simple"},"_links":{"self":[{"href":"https:\/\/logistiikkakeskus.net\/kauppa\/wp-json\/wp\/v2\/product\/73525","targetHints":{"allow":["GET"]}}],"collection":[{"href":"https:\/\/logistiikkakeskus.net\/kauppa\/wp-json\/wp\/v2\/product"}],"about":[{"href":"https:\/\/logistiikkakeskus.net\/kauppa\/wp-json\/wp\/v2\/types\/product"}],"replies":[{"embeddable":true,"href":"https:\/\/logistiikkakeskus.net\/kauppa\/wp-json\/wp\/v2\/comments?post=73525"}],"wp:featuredmedia":[{"embeddable":true,"href":"https:\/\/logistiikkakeskus.net\/kauppa\/wp-json\/wp\/v2\/media\/103456"}],"wp:attachment":[{"href":"https:\/\/logistiikkakeskus.net\/kauppa\/wp-json\/wp\/v2\/media?parent=73525"}],"wp:term":[{"taxonomy":"product_brand","embeddable":true,"href":"https:\/\/logistiikkakeskus.net\/kauppa\/wp-json\/wp\/v2\/product_brand?post=73525"},{"taxonomy":"product_cat","embeddable":true,"href":"https:\/\/logistiikkakeskus.net\/kauppa\/wp-json\/wp\/v2\/product_cat?post=73525"},{"taxonomy":"product_tag","embeddable":true,"href":"https:\/\/logistiikkakeskus.net\/kauppa\/wp-json\/wp\/v2\/product_tag?post=73525"}],"curies":[{"name":"wp","href":"https:\/\/api.w.org\/{rel}","templated":true}]}}