{"id":73515,"date":"2022-12-01T09:30:21","date_gmt":"2022-12-01T09:30:21","guid":{"rendered":"https:\/\/logistiikkakeskus.net\/kauppa\/tuote\/at-2000-vaseliinispray-400ml\/"},"modified":"2026-01-20T09:18:06","modified_gmt":"2026-01-20T07:18:06","slug":"at-2000-vaseliinispray-400ml","status":"publish","type":"product","link":"https:\/\/logistiikkakeskus.net\/kauppa\/tuote\/at-2000-vaseliinispray-400ml\/","title":{"rendered":"AT-2000 vaseliinispray 400ml"},"content":{"rendered":"<p>AT-2000 Vaseliini, 3700Monik\u00e4ytt\u00f6inen vaseliini, joka tunkeutuu ja tarttuu kohteeseen eritt\u00e4inhyvin. K\u00e4ytt\u00f6l\u00e4mp\u00f6tila-alue -30C &#8211; +120C. Soveltuu laakereidenyleisvoiteluun. Mekaanisesti kest\u00e4v\u00e4. Monik\u00e4ytt\u00f6rasva kaikkiin yleisiinvoitelukohteisiin.K\u00e4ytt\u00f6kohteita: vaijerit, nivelet, saranat, vierint\u00e4- ja liukulaakerit,ketjut, hammaspy\u00f6r\u00e4t ym.hakusana: voiteluaine<\/p>\n","protected":false},"excerpt":{"rendered":"<p>AT-2000 Vaseliini, 3700Monik\u00e4ytt\u00f6inen vaseliini, joka tunkeutuu ja tarttuu kohteeseen eritt\u00e4inhyvin. K\u00e4ytt\u00f6l\u00e4mp\u00f6tila-alue -30C &#8211; +120C. Soveltuu laakereidenyleisvoiteluun. Mekaanisesti kest\u00e4v\u00e4. Monik\u00e4ytt\u00f6rasva kaikkiin yleisiinvoitelukohteisiin.K\u00e4ytt\u00f6kohteita: vaijerit, nivelet, saranat, vierint\u00e4- ja liukulaakerit,ketjut, hammaspy\u00f6r\u00e4t ym.hakusana: voiteluaine<\/p>\n","protected":false},"featured_media":103451,"comment_status":"open","ping_status":"closed","template":"","meta":[],"product_brand":[],"product_cat":[3409],"product_tag":[],"class_list":{"0":"post-73515","1":"product","2":"type-product","3":"status-publish","4":"has-post-thumbnail","6":"product_cat-kemikaalit-poltto-ja-voiteluaineet-vaseliinit","8":"first","9":"instock","10":"shipping-taxable","11":"purchasable","12":"product-type-simple"},"_links":{"self":[{"href":"https:\/\/logistiikkakeskus.net\/kauppa\/wp-json\/wp\/v2\/product\/73515","targetHints":{"allow":["GET"]}}],"collection":[{"href":"https:\/\/logistiikkakeskus.net\/kauppa\/wp-json\/wp\/v2\/product"}],"about":[{"href":"https:\/\/logistiikkakeskus.net\/kauppa\/wp-json\/wp\/v2\/types\/product"}],"replies":[{"embeddable":true,"href":"https:\/\/logistiikkakeskus.net\/kauppa\/wp-json\/wp\/v2\/comments?post=73515"}],"wp:featuredmedia":[{"embeddable":true,"href":"https:\/\/logistiikkakeskus.net\/kauppa\/wp-json\/wp\/v2\/media\/103451"}],"wp:attachment":[{"href":"https:\/\/logistiikkakeskus.net\/kauppa\/wp-json\/wp\/v2\/media?parent=73515"}],"wp:term":[{"taxonomy":"product_brand","embeddable":true,"href":"https:\/\/logistiikkakeskus.net\/kauppa\/wp-json\/wp\/v2\/product_brand?post=73515"},{"taxonomy":"product_cat","embeddable":true,"href":"https:\/\/logistiikkakeskus.net\/kauppa\/wp-json\/wp\/v2\/product_cat?post=73515"},{"taxonomy":"product_tag","embeddable":true,"href":"https:\/\/logistiikkakeskus.net\/kauppa\/wp-json\/wp\/v2\/product_tag?post=73515"}],"curies":[{"name":"wp","href":"https:\/\/api.w.org\/{rel}","templated":true}]}}