{"id":73486,"date":"2022-12-01T09:30:12","date_gmt":"2022-12-01T09:30:12","guid":{"rendered":"https:\/\/logistiikkakeskus.net\/kauppa\/tuote\/villapohjalliset-kuoma-44\/"},"modified":"2026-01-20T09:18:05","modified_gmt":"2026-01-20T07:18:05","slug":"villapohjalliset-kuoma-44","status":"publish","type":"product","link":"https:\/\/logistiikkakeskus.net\/kauppa\/tuote\/villapohjalliset-kuoma-44\/","title":{"rendered":"Villapohjalliset Kuoma 44"},"content":{"rendered":"<p>Kuoma villapohjalliset aidosta villasta valmistetut kotimaiset Kuomavillapohjalliset pit\u00e4v\u00e4t jalkasi l\u00e4mpim\u00e4n\u00e4 ja kuivana kovillakinpakkasilla.Myyntier\u00e4: 1 priPaketissa: 10 pria<\/p>\n","protected":false},"excerpt":{"rendered":"<p>Kuoma villapohjalliset aidosta villasta valmistetut kotimaiset Kuomavillapohjalliset pit\u00e4v\u00e4t jalkasi l\u00e4mpim\u00e4n\u00e4 ja kuivana kovillakinpakkasilla.Myyntier\u00e4: 1 priPaketissa: 10 pria<\/p>\n","protected":false},"featured_media":103439,"comment_status":"open","ping_status":"closed","template":"","meta":[],"product_brand":[],"product_cat":[3391],"product_tag":[],"class_list":{"0":"post-73486","1":"product","2":"type-product","3":"status-publish","4":"has-post-thumbnail","6":"product_cat-vaatteet-jalkineet-pohjalliset-ja-syylinkit","8":"first","9":"instock","10":"shipping-taxable","11":"purchasable","12":"product-type-simple"},"_links":{"self":[{"href":"https:\/\/logistiikkakeskus.net\/kauppa\/wp-json\/wp\/v2\/product\/73486","targetHints":{"allow":["GET"]}}],"collection":[{"href":"https:\/\/logistiikkakeskus.net\/kauppa\/wp-json\/wp\/v2\/product"}],"about":[{"href":"https:\/\/logistiikkakeskus.net\/kauppa\/wp-json\/wp\/v2\/types\/product"}],"replies":[{"embeddable":true,"href":"https:\/\/logistiikkakeskus.net\/kauppa\/wp-json\/wp\/v2\/comments?post=73486"}],"wp:featuredmedia":[{"embeddable":true,"href":"https:\/\/logistiikkakeskus.net\/kauppa\/wp-json\/wp\/v2\/media\/103439"}],"wp:attachment":[{"href":"https:\/\/logistiikkakeskus.net\/kauppa\/wp-json\/wp\/v2\/media?parent=73486"}],"wp:term":[{"taxonomy":"product_brand","embeddable":true,"href":"https:\/\/logistiikkakeskus.net\/kauppa\/wp-json\/wp\/v2\/product_brand?post=73486"},{"taxonomy":"product_cat","embeddable":true,"href":"https:\/\/logistiikkakeskus.net\/kauppa\/wp-json\/wp\/v2\/product_cat?post=73486"},{"taxonomy":"product_tag","embeddable":true,"href":"https:\/\/logistiikkakeskus.net\/kauppa\/wp-json\/wp\/v2\/product_tag?post=73486"}],"curies":[{"name":"wp","href":"https:\/\/api.w.org\/{rel}","templated":true}]}}