{"id":73458,"date":"2022-12-01T09:30:03","date_gmt":"2022-12-01T09:30:03","guid":{"rendered":"https:\/\/logistiikkakeskus.net\/kauppa\/tuote\/kenkalusikka-pitka-muovia-79-cm\/"},"modified":"2026-01-20T09:18:04","modified_gmt":"2026-01-20T07:18:04","slug":"kenkalusikka-pitka-muovia-79-cm","status":"publish","type":"product","link":"https:\/\/logistiikkakeskus.net\/kauppa\/tuote\/kenkalusikka-pitka-muovia-79-cm\/","title":{"rendered":"Kenk\u00e4lusikka, pitk\u00e4 muovia 79 cm"},"content":{"rendered":"<p>Muovinen kenk\u00e4lusikka, 79 cm.Apuv\u00e4line kenkien pukemiseen.V\u00e4ri vaihtelee varastotilanteen mukaan.<\/p>\n","protected":false},"excerpt":{"rendered":"<p>Muovinen kenk\u00e4lusikka, 79 cm.Apuv\u00e4line kenkien pukemiseen.V\u00e4ri vaihtelee varastotilanteen mukaan.<\/p>\n","protected":false},"featured_media":103427,"comment_status":"open","ping_status":"closed","template":"","meta":[],"product_brand":[],"product_cat":[3334],"product_tag":[],"class_list":{"0":"post-73458","1":"product","2":"type-product","3":"status-publish","4":"has-post-thumbnail","6":"product_cat-vaatteet-jalkineet-tarvikkeet-ja-kenganhoitotuotteet","8":"first","9":"instock","10":"shipping-taxable","11":"purchasable","12":"product-type-simple"},"_links":{"self":[{"href":"https:\/\/logistiikkakeskus.net\/kauppa\/wp-json\/wp\/v2\/product\/73458","targetHints":{"allow":["GET"]}}],"collection":[{"href":"https:\/\/logistiikkakeskus.net\/kauppa\/wp-json\/wp\/v2\/product"}],"about":[{"href":"https:\/\/logistiikkakeskus.net\/kauppa\/wp-json\/wp\/v2\/types\/product"}],"replies":[{"embeddable":true,"href":"https:\/\/logistiikkakeskus.net\/kauppa\/wp-json\/wp\/v2\/comments?post=73458"}],"wp:featuredmedia":[{"embeddable":true,"href":"https:\/\/logistiikkakeskus.net\/kauppa\/wp-json\/wp\/v2\/media\/103427"}],"wp:attachment":[{"href":"https:\/\/logistiikkakeskus.net\/kauppa\/wp-json\/wp\/v2\/media?parent=73458"}],"wp:term":[{"taxonomy":"product_brand","embeddable":true,"href":"https:\/\/logistiikkakeskus.net\/kauppa\/wp-json\/wp\/v2\/product_brand?post=73458"},{"taxonomy":"product_cat","embeddable":true,"href":"https:\/\/logistiikkakeskus.net\/kauppa\/wp-json\/wp\/v2\/product_cat?post=73458"},{"taxonomy":"product_tag","embeddable":true,"href":"https:\/\/logistiikkakeskus.net\/kauppa\/wp-json\/wp\/v2\/product_tag?post=73458"}],"curies":[{"name":"wp","href":"https:\/\/api.w.org\/{rel}","templated":true}]}}