{"id":73450,"date":"2022-12-01T09:30:00","date_gmt":"2022-12-01T09:30:00","guid":{"rendered":"https:\/\/logistiikkakeskus.net\/kauppa\/tuote\/viikatteentera-taottu-65-cm-2011\/"},"modified":"2026-01-20T09:18:04","modified_gmt":"2026-01-20T07:18:04","slug":"viikatteentera-taottu-65-cm-2011","status":"publish","type":"product","link":"https:\/\/logistiikkakeskus.net\/kauppa\/tuote\/viikatteentera-taottu-65-cm-2011\/","title":{"rendered":"Viikatteenter\u00e4 taottu 65 cm 2011"},"content":{"rendered":"<p>Viikatteen ter\u00e4, H\u00e4rm\u00e4n taonta 2011Ter\u00e4n pituus 65 cmMateriaali: 4 mm karkaistu hiiliter\u00e4shakusana: viikate<\/p>\n","protected":false},"excerpt":{"rendered":"<p>Viikatteen ter\u00e4, H\u00e4rm\u00e4n taonta 2011Ter\u00e4n pituus 65 cmMateriaali: 4 mm karkaistu hiiliter\u00e4shakusana: viikate<\/p>\n","protected":false},"featured_media":103425,"comment_status":"open","ping_status":"closed","template":"","meta":[],"product_brand":[],"product_cat":[3362],"product_tag":[],"class_list":{"0":"post-73450","1":"product","2":"type-product","3":"status-publish","4":"has-post-thumbnail","6":"product_cat-tyokalut-puutarhatyokalut-muut-puutarhatyokalut","8":"first","9":"instock","10":"shipping-taxable","11":"purchasable","12":"product-type-simple"},"_links":{"self":[{"href":"https:\/\/logistiikkakeskus.net\/kauppa\/wp-json\/wp\/v2\/product\/73450","targetHints":{"allow":["GET"]}}],"collection":[{"href":"https:\/\/logistiikkakeskus.net\/kauppa\/wp-json\/wp\/v2\/product"}],"about":[{"href":"https:\/\/logistiikkakeskus.net\/kauppa\/wp-json\/wp\/v2\/types\/product"}],"replies":[{"embeddable":true,"href":"https:\/\/logistiikkakeskus.net\/kauppa\/wp-json\/wp\/v2\/comments?post=73450"}],"wp:featuredmedia":[{"embeddable":true,"href":"https:\/\/logistiikkakeskus.net\/kauppa\/wp-json\/wp\/v2\/media\/103425"}],"wp:attachment":[{"href":"https:\/\/logistiikkakeskus.net\/kauppa\/wp-json\/wp\/v2\/media?parent=73450"}],"wp:term":[{"taxonomy":"product_brand","embeddable":true,"href":"https:\/\/logistiikkakeskus.net\/kauppa\/wp-json\/wp\/v2\/product_brand?post=73450"},{"taxonomy":"product_cat","embeddable":true,"href":"https:\/\/logistiikkakeskus.net\/kauppa\/wp-json\/wp\/v2\/product_cat?post=73450"},{"taxonomy":"product_tag","embeddable":true,"href":"https:\/\/logistiikkakeskus.net\/kauppa\/wp-json\/wp\/v2\/product_tag?post=73450"}],"curies":[{"name":"wp","href":"https:\/\/api.w.org\/{rel}","templated":true}]}}