{"id":73430,"date":"2022-12-01T09:29:53","date_gmt":"2022-12-01T09:29:53","guid":{"rendered":"https:\/\/logistiikkakeskus.net\/kauppa\/tuote\/reikavanne-19x07-mm-30-m\/"},"modified":"2026-01-20T09:18:03","modified_gmt":"2026-01-20T07:18:03","slug":"reikavanne-19x07-mm-30-m","status":"publish","type":"product","link":"https:\/\/logistiikkakeskus.net\/kauppa\/tuote\/reikavanne-19x07-mm-30-m\/","title":{"rendered":"Reik\u00e4vanne Prof 20&#215;0,7mm Zn 10m"},"content":{"rendered":"<p>TILAUSTUOTE.TUOTTEELLA NORMAALIA PIDEMPI TOIMITUSAIKA.Reik\u00e4vanne PROF 20&#215;0,7mm Zn 10mPROFOhut reik\u00e4vanne sopii moneen kiinnitykseen ja ripustamiseen. Rullassa 10metri\u00e4. Reikien koot 3 mm, 5 mm ja 7 mm. Leveys 20 mm. Esisinkitty ter\u00e4shakusana: reik\u00e4nauha, sidevanne, asennusnauha, naulausnauha<\/p>\n","protected":false},"excerpt":{"rendered":"<p>TILAUSTUOTE.TUOTTEELLA NORMAALIA PIDEMPI TOIMITUSAIKA.Reik\u00e4vanne PROF 20&#215;0,7mm Zn 10mPROFOhut reik\u00e4vanne sopii moneen kiinnitykseen ja ripustamiseen. Rullassa 10metri\u00e4. Reikien koot 3 mm, 5 mm ja 7 mm. Leveys 20 mm. Esisinkitty ter\u00e4shakusana: reik\u00e4nauha, sidevanne, asennusnauha, naulausnauha<\/p>\n","protected":false},"featured_media":103415,"comment_status":"open","ping_status":"closed","template":"","meta":[],"product_brand":[],"product_cat":[3401],"product_tag":[],"class_list":{"0":"post-73430","1":"product","2":"type-product","3":"status-publish","4":"has-post-thumbnail","6":"product_cat-rakennustarvikkeet-pienrauta-ja-kiiinnikkeet-kiinnikkeet-ankkurit","8":"first","9":"instock","10":"shipping-taxable","11":"purchasable","12":"product-type-simple"},"_links":{"self":[{"href":"https:\/\/logistiikkakeskus.net\/kauppa\/wp-json\/wp\/v2\/product\/73430","targetHints":{"allow":["GET"]}}],"collection":[{"href":"https:\/\/logistiikkakeskus.net\/kauppa\/wp-json\/wp\/v2\/product"}],"about":[{"href":"https:\/\/logistiikkakeskus.net\/kauppa\/wp-json\/wp\/v2\/types\/product"}],"replies":[{"embeddable":true,"href":"https:\/\/logistiikkakeskus.net\/kauppa\/wp-json\/wp\/v2\/comments?post=73430"}],"wp:featuredmedia":[{"embeddable":true,"href":"https:\/\/logistiikkakeskus.net\/kauppa\/wp-json\/wp\/v2\/media\/103415"}],"wp:attachment":[{"href":"https:\/\/logistiikkakeskus.net\/kauppa\/wp-json\/wp\/v2\/media?parent=73430"}],"wp:term":[{"taxonomy":"product_brand","embeddable":true,"href":"https:\/\/logistiikkakeskus.net\/kauppa\/wp-json\/wp\/v2\/product_brand?post=73430"},{"taxonomy":"product_cat","embeddable":true,"href":"https:\/\/logistiikkakeskus.net\/kauppa\/wp-json\/wp\/v2\/product_cat?post=73430"},{"taxonomy":"product_tag","embeddable":true,"href":"https:\/\/logistiikkakeskus.net\/kauppa\/wp-json\/wp\/v2\/product_tag?post=73430"}],"curies":[{"name":"wp","href":"https:\/\/api.w.org\/{rel}","templated":true}]}}