{"id":73424,"date":"2022-12-01T09:29:51","date_gmt":"2022-12-01T09:29:51","guid":{"rendered":"https:\/\/logistiikkakeskus.net\/kauppa\/tuote\/teboil-solid-0-50kg\/"},"modified":"2025-10-15T10:18:35","modified_gmt":"2025-10-15T07:18:35","slug":"teboil-solid-0-50kg","status":"publish","type":"product","link":"https:\/\/logistiikkakeskus.net\/kauppa\/tuote\/teboil-solid-0-50kg\/","title":{"rendered":"Teboil Solid 0 50KG"},"content":{"rendered":"<p>Vedett\u00f6mi\u00e4 kalsiumrasvoja raskaasti kuormitettuihin hitaasti py\u00f6riviinliuku- ja vierint\u00e4laakereihin erityisesti kosteissa olosuhteissa. Niill\u00e4on erinomainen kiinnitarttuvuus sek\u00e4 veden- ja kuormankestokyky.Soveltuvat erinomaisesti k\u00e4ytett\u00e4v\u00e4ksi ajoneuvojen ja ty\u00f6koneidennivelien sek\u00e4 alustan laakereiden voiteluun. Helpommin pumpattavanaSolid 0 soveltuu paremmin talvik\u00e4ytt\u00f6\u00f6n ja keskusvoiteluj\u00e4rjestelmiinkuin Solid 2.<\/p>\n","protected":false},"excerpt":{"rendered":"<p>Vedett\u00f6mi\u00e4 kalsiumrasvoja raskaasti kuormitettuihin hitaasti py\u00f6riviinliuku- ja vierint\u00e4laakereihin erityisesti kosteissa olosuhteissa. Niill\u00e4on erinomainen kiinnitarttuvuus sek\u00e4 veden- ja kuormankestokyky.Soveltuvat erinomaisesti k\u00e4ytett\u00e4v\u00e4ksi ajoneuvojen ja ty\u00f6koneidennivelien sek\u00e4 alustan laakereiden voiteluun. Helpommin pumpattavanaSolid 0 soveltuu paremmin talvik\u00e4ytt\u00f6\u00f6n ja keskusvoiteluj\u00e4rjestelmiinkuin Solid 2.<\/p>\n","protected":false},"featured_media":0,"comment_status":"open","ping_status":"closed","template":"","meta":[],"product_brand":[],"product_cat":[3409],"product_tag":[],"class_list":{"0":"post-73424","1":"product","2":"type-product","3":"status-publish","5":"product_cat-kemikaalit-poltto-ja-voiteluaineet-vaseliinit","7":"first","8":"instock","9":"shipping-taxable","10":"purchasable","11":"product-type-simple"},"_links":{"self":[{"href":"https:\/\/logistiikkakeskus.net\/kauppa\/wp-json\/wp\/v2\/product\/73424","targetHints":{"allow":["GET"]}}],"collection":[{"href":"https:\/\/logistiikkakeskus.net\/kauppa\/wp-json\/wp\/v2\/product"}],"about":[{"href":"https:\/\/logistiikkakeskus.net\/kauppa\/wp-json\/wp\/v2\/types\/product"}],"replies":[{"embeddable":true,"href":"https:\/\/logistiikkakeskus.net\/kauppa\/wp-json\/wp\/v2\/comments?post=73424"}],"wp:attachment":[{"href":"https:\/\/logistiikkakeskus.net\/kauppa\/wp-json\/wp\/v2\/media?parent=73424"}],"wp:term":[{"taxonomy":"product_brand","embeddable":true,"href":"https:\/\/logistiikkakeskus.net\/kauppa\/wp-json\/wp\/v2\/product_brand?post=73424"},{"taxonomy":"product_cat","embeddable":true,"href":"https:\/\/logistiikkakeskus.net\/kauppa\/wp-json\/wp\/v2\/product_cat?post=73424"},{"taxonomy":"product_tag","embeddable":true,"href":"https:\/\/logistiikkakeskus.net\/kauppa\/wp-json\/wp\/v2\/product_tag?post=73424"}],"curies":[{"name":"wp","href":"https:\/\/api.w.org\/{rel}","templated":true}]}}