{"id":73422,"date":"2022-12-01T09:29:50","date_gmt":"2022-12-01T09:29:50","guid":{"rendered":"https:\/\/logistiikkakeskus.net\/kauppa\/tuote\/teboil-solid-0-niveltappirasva-420-ml\/"},"modified":"2026-01-20T09:18:03","modified_gmt":"2026-01-20T07:18:03","slug":"teboil-solid-0-niveltappirasva-420-ml","status":"publish","type":"product","link":"https:\/\/logistiikkakeskus.net\/kauppa\/tuote\/teboil-solid-0-niveltappirasva-420-ml\/","title":{"rendered":"Q8 Ruysdael WR 0 Niveltappirasva 400 ml"},"content":{"rendered":"<p>Ty\u00f6kone- ja venerasvaQ8 Ruysdael WR0 on kalsiumsaippuapitoinen, mineraali\u00f6ljypohjainen, EP-ja ruost esuojalis\u00e4aineistettu voitelurasva, joka ei sis\u00e4ll\u00e4 vett\u00e4.Q8 Ruysdael WR0 on valmistettu erityisesti normaaleissa l\u00e4mp\u00f6tiloissa jakohtuullisella py\u00f6rimisnopeudella toimiville raskaasti kuormitetuilleliuku- ja vierint\u00e4laakereille sek\u00e4 ajoneuvojen pohjan, ty\u00f6-, maatalous-ja mets\u00e4koneiden, leikkuupuimureiden, vesipumppujen, potkuriholkkienyms. voiteluun.<\/p>\n","protected":false},"excerpt":{"rendered":"<p>Ty\u00f6kone- ja venerasvaQ8 Ruysdael WR0 on kalsiumsaippuapitoinen, mineraali\u00f6ljypohjainen, EP-ja ruost esuojalis\u00e4aineistettu voitelurasva, joka ei sis\u00e4ll\u00e4 vett\u00e4.Q8 Ruysdael WR0 on valmistettu erityisesti normaaleissa l\u00e4mp\u00f6tiloissa jakohtuullisella py\u00f6rimisnopeudella toimiville raskaasti kuormitetuilleliuku- ja vierint\u00e4laakereille sek\u00e4 ajoneuvojen pohjan, ty\u00f6-, maatalous-ja mets\u00e4koneiden, leikkuupuimureiden, vesipumppujen, potkuriholkkienyms. voiteluun.<\/p>\n","protected":false},"featured_media":103412,"comment_status":"open","ping_status":"closed","template":"","meta":[],"product_brand":[],"product_cat":[3409],"product_tag":[],"class_list":{"0":"post-73422","1":"product","2":"type-product","3":"status-publish","4":"has-post-thumbnail","6":"product_cat-kemikaalit-poltto-ja-voiteluaineet-vaseliinit","8":"first","9":"instock","10":"shipping-taxable","11":"purchasable","12":"product-type-simple"},"_links":{"self":[{"href":"https:\/\/logistiikkakeskus.net\/kauppa\/wp-json\/wp\/v2\/product\/73422","targetHints":{"allow":["GET"]}}],"collection":[{"href":"https:\/\/logistiikkakeskus.net\/kauppa\/wp-json\/wp\/v2\/product"}],"about":[{"href":"https:\/\/logistiikkakeskus.net\/kauppa\/wp-json\/wp\/v2\/types\/product"}],"replies":[{"embeddable":true,"href":"https:\/\/logistiikkakeskus.net\/kauppa\/wp-json\/wp\/v2\/comments?post=73422"}],"wp:featuredmedia":[{"embeddable":true,"href":"https:\/\/logistiikkakeskus.net\/kauppa\/wp-json\/wp\/v2\/media\/103412"}],"wp:attachment":[{"href":"https:\/\/logistiikkakeskus.net\/kauppa\/wp-json\/wp\/v2\/media?parent=73422"}],"wp:term":[{"taxonomy":"product_brand","embeddable":true,"href":"https:\/\/logistiikkakeskus.net\/kauppa\/wp-json\/wp\/v2\/product_brand?post=73422"},{"taxonomy":"product_cat","embeddable":true,"href":"https:\/\/logistiikkakeskus.net\/kauppa\/wp-json\/wp\/v2\/product_cat?post=73422"},{"taxonomy":"product_tag","embeddable":true,"href":"https:\/\/logistiikkakeskus.net\/kauppa\/wp-json\/wp\/v2\/product_tag?post=73422"}],"curies":[{"name":"wp","href":"https:\/\/api.w.org\/{rel}","templated":true}]}}