{"id":73420,"date":"2022-12-01T09:29:49","date_gmt":"2022-12-01T09:29:49","guid":{"rendered":"https:\/\/logistiikkakeskus.net\/kauppa\/tuote\/teboil-multipurpse-ht-voitelurasva-420ml\/"},"modified":"2026-01-20T09:18:03","modified_gmt":"2026-01-20T07:18:03","slug":"teboil-multipurpse-ht-voitelurasva-420ml","status":"publish","type":"product","link":"https:\/\/logistiikkakeskus.net\/kauppa\/tuote\/teboil-multipurpse-ht-voitelurasva-420ml\/","title":{"rendered":"Total Multis Complex Voitelurasva 400ml"},"content":{"rendered":"<p>Paineenkestolis\u00e4aineistettu rasva raskaaseen kuormitukseen sek\u00e4 suuriinnopeuksiin.Py\u00f6r\u00e4nlaakereille, kuulalaakereille, rullalaakereille, liukulaakereille,tapeille ja nivelilleKehittyneen koostumuksensa ansiosta MULTIS COMPLEX HV 2 t\u00e4ytt\u00e4\u00e4monenlaiset vaatimukset. Sill\u00e4 on lukuisia k\u00e4ytt\u00f6kohteita.Muodostaa vahvan voitelukalvon, joka kest\u00e4\u00e4 vett\u00e4, l\u00e4mp\u00f6tilavaihtelujaja ep\u00e4puhtauksia ja v\u00e4hent\u00e4\u00e4 n\u00e4in huolto- ja k\u00e4ytt\u00f6kustannuksia.<\/p>\n","protected":false},"excerpt":{"rendered":"<p>Paineenkestolis\u00e4aineistettu rasva raskaaseen kuormitukseen sek\u00e4 suuriinnopeuksiin.Py\u00f6r\u00e4nlaakereille, kuulalaakereille, rullalaakereille, liukulaakereille,tapeille ja nivelilleKehittyneen koostumuksensa ansiosta MULTIS COMPLEX HV 2 t\u00e4ytt\u00e4\u00e4monenlaiset vaatimukset. Sill\u00e4 on lukuisia k\u00e4ytt\u00f6kohteita.Muodostaa vahvan voitelukalvon, joka kest\u00e4\u00e4 vett\u00e4, l\u00e4mp\u00f6tilavaihtelujaja ep\u00e4puhtauksia ja v\u00e4hent\u00e4\u00e4 n\u00e4in huolto- ja k\u00e4ytt\u00f6kustannuksia.<\/p>\n","protected":false},"featured_media":103411,"comment_status":"open","ping_status":"closed","template":"","meta":[],"product_brand":[],"product_cat":[3409],"product_tag":[],"class_list":{"0":"post-73420","1":"product","2":"type-product","3":"status-publish","4":"has-post-thumbnail","6":"product_cat-kemikaalit-poltto-ja-voiteluaineet-vaseliinit","8":"first","9":"instock","10":"shipping-taxable","11":"purchasable","12":"product-type-simple"},"_links":{"self":[{"href":"https:\/\/logistiikkakeskus.net\/kauppa\/wp-json\/wp\/v2\/product\/73420","targetHints":{"allow":["GET"]}}],"collection":[{"href":"https:\/\/logistiikkakeskus.net\/kauppa\/wp-json\/wp\/v2\/product"}],"about":[{"href":"https:\/\/logistiikkakeskus.net\/kauppa\/wp-json\/wp\/v2\/types\/product"}],"replies":[{"embeddable":true,"href":"https:\/\/logistiikkakeskus.net\/kauppa\/wp-json\/wp\/v2\/comments?post=73420"}],"wp:featuredmedia":[{"embeddable":true,"href":"https:\/\/logistiikkakeskus.net\/kauppa\/wp-json\/wp\/v2\/media\/103411"}],"wp:attachment":[{"href":"https:\/\/logistiikkakeskus.net\/kauppa\/wp-json\/wp\/v2\/media?parent=73420"}],"wp:term":[{"taxonomy":"product_brand","embeddable":true,"href":"https:\/\/logistiikkakeskus.net\/kauppa\/wp-json\/wp\/v2\/product_brand?post=73420"},{"taxonomy":"product_cat","embeddable":true,"href":"https:\/\/logistiikkakeskus.net\/kauppa\/wp-json\/wp\/v2\/product_cat?post=73420"},{"taxonomy":"product_tag","embeddable":true,"href":"https:\/\/logistiikkakeskus.net\/kauppa\/wp-json\/wp\/v2\/product_tag?post=73420"}],"curies":[{"name":"wp","href":"https:\/\/api.w.org\/{rel}","templated":true}]}}