{"id":73255,"date":"2022-12-01T09:28:51","date_gmt":"2022-12-01T09:28:51","guid":{"rendered":"https:\/\/logistiikkakeskus.net\/kauppa\/tuote\/ulkojatkojohto-opal-3-os-20m-ip44-3x15\/"},"modified":"2026-01-20T09:17:58","modified_gmt":"2026-01-20T07:17:58","slug":"ulkojatkojohto-opal-3-os-20m-ip44-3x15","status":"publish","type":"product","link":"https:\/\/logistiikkakeskus.net\/kauppa\/tuote\/ulkojatkojohto-opal-3-os-20m-ip44-3x15\/","title":{"rendered":"Ulkojatkojohto Opal 3-os. 20m IP44 3X1,5"},"content":{"rendered":"<p>Jatkojohto 20 m, 3-osainen, H05RR-F, 3&#215;1,5mm\u00b2, IP44.hakusanat: ulkok\u00e4ytt\u00f6\u00f6n, jatkoroikka<\/p>\n","protected":false},"excerpt":{"rendered":"<p>Jatkojohto 20 m, 3-osainen, H05RR-F, 3&#215;1,5mm\u00b2, IP44.hakusanat: ulkok\u00e4ytt\u00f6\u00f6n, jatkoroikka<\/p>\n","protected":false},"featured_media":0,"comment_status":"open","ping_status":"closed","template":"","meta":[],"product_brand":[],"product_cat":[3419],"product_tag":[],"class_list":{"0":"post-73255","1":"product","2":"type-product","3":"status-publish","5":"product_cat-tyokalut-sahkotarvikkeet-jatkojohdot-ja-johtokelat","7":"first","8":"instock","9":"shipping-taxable","10":"purchasable","11":"product-type-simple"},"_links":{"self":[{"href":"https:\/\/logistiikkakeskus.net\/kauppa\/wp-json\/wp\/v2\/product\/73255","targetHints":{"allow":["GET"]}}],"collection":[{"href":"https:\/\/logistiikkakeskus.net\/kauppa\/wp-json\/wp\/v2\/product"}],"about":[{"href":"https:\/\/logistiikkakeskus.net\/kauppa\/wp-json\/wp\/v2\/types\/product"}],"replies":[{"embeddable":true,"href":"https:\/\/logistiikkakeskus.net\/kauppa\/wp-json\/wp\/v2\/comments?post=73255"}],"wp:attachment":[{"href":"https:\/\/logistiikkakeskus.net\/kauppa\/wp-json\/wp\/v2\/media?parent=73255"}],"wp:term":[{"taxonomy":"product_brand","embeddable":true,"href":"https:\/\/logistiikkakeskus.net\/kauppa\/wp-json\/wp\/v2\/product_brand?post=73255"},{"taxonomy":"product_cat","embeddable":true,"href":"https:\/\/logistiikkakeskus.net\/kauppa\/wp-json\/wp\/v2\/product_cat?post=73255"},{"taxonomy":"product_tag","embeddable":true,"href":"https:\/\/logistiikkakeskus.net\/kauppa\/wp-json\/wp\/v2\/product_tag?post=73255"}],"curies":[{"name":"wp","href":"https:\/\/api.w.org\/{rel}","templated":true}]}}