{"id":73204,"date":"2022-12-01T09:28:35","date_gmt":"2022-12-01T09:28:35","guid":{"rendered":"https:\/\/logistiikkakeskus.net\/kauppa\/tuote\/kontaktiliima-tixo-1-l\/"},"modified":"2025-03-25T14:41:40","modified_gmt":"2025-03-25T12:41:40","slug":"kontaktiliima-tixo-1-l","status":"publish","type":"product","link":"https:\/\/logistiikkakeskus.net\/kauppa\/tuote\/kontaktiliima-tixo-1-l\/","title":{"rendered":"Kontaktiliima Tixo 1 L"},"content":{"rendered":"<p>Liuotinperustainen, kosteudenkest\u00e4v\u00e4, pastamainen kontaktiliima.Kosteudenkest\u00e4v\u00e4, pastamainen kontaktiliima, joka liimaa siististinahkaa, tekstiilej\u00e4, puuta, viilua, kartonkia, metallia, kumia jamuovia. Riittoisuus: 2-3 m\u00b2\/l. Vaaralausekkeet: H225 &#8211; Helposti syttyv\u00e4neste ja h\u00f6yry. H315 &#8211; \u00c4rsytt\u00e4\u00e4 ihoa. H319 &#8211; \u00c4rsytt\u00e4\u00e4 voimakkaastisilmi\u00e4. H336 &#8211; Saattaa aiheuttaa uneliaisuutta ja huimausta. H411 -Myrkyllist\u00e4 vesieli\u00f6ille, pitk\u00e4aikaisia haittavaikutuksia<\/p>\n","protected":false},"excerpt":{"rendered":"<p>Liuotinperustainen, kosteudenkest\u00e4v\u00e4, pastamainen kontaktiliima.Kosteudenkest\u00e4v\u00e4, pastamainen kontaktiliima, joka liimaa siististinahkaa, tekstiilej\u00e4, puuta, viilua, kartonkia, metallia, kumia jamuovia. Riittoisuus: 2-3 m\u00b2\/l. Vaaralausekkeet: H225 &#8211; Helposti syttyv\u00e4neste ja h\u00f6yry. H315 &#8211; \u00c4rsytt\u00e4\u00e4 ihoa. H319 &#8211; \u00c4rsytt\u00e4\u00e4 voimakkaastisilmi\u00e4. H336 &#8211; Saattaa aiheuttaa uneliaisuutta ja huimausta. H411 -Myrkyllist\u00e4 vesieli\u00f6ille, pitk\u00e4aikaisia haittavaikutuksia<\/p>\n","protected":false},"featured_media":0,"comment_status":"open","ping_status":"closed","template":"","meta":[],"product_brand":[],"product_cat":[3325],"product_tag":[],"class_list":{"0":"post-73204","1":"product","2":"type-product","3":"status-publish","5":"product_cat-kemikaalit-silikonit-ja-liimat-liimat","7":"first","8":"instock","9":"shipping-taxable","10":"purchasable","11":"product-type-simple"},"_links":{"self":[{"href":"https:\/\/logistiikkakeskus.net\/kauppa\/wp-json\/wp\/v2\/product\/73204","targetHints":{"allow":["GET"]}}],"collection":[{"href":"https:\/\/logistiikkakeskus.net\/kauppa\/wp-json\/wp\/v2\/product"}],"about":[{"href":"https:\/\/logistiikkakeskus.net\/kauppa\/wp-json\/wp\/v2\/types\/product"}],"replies":[{"embeddable":true,"href":"https:\/\/logistiikkakeskus.net\/kauppa\/wp-json\/wp\/v2\/comments?post=73204"}],"wp:attachment":[{"href":"https:\/\/logistiikkakeskus.net\/kauppa\/wp-json\/wp\/v2\/media?parent=73204"}],"wp:term":[{"taxonomy":"product_brand","embeddable":true,"href":"https:\/\/logistiikkakeskus.net\/kauppa\/wp-json\/wp\/v2\/product_brand?post=73204"},{"taxonomy":"product_cat","embeddable":true,"href":"https:\/\/logistiikkakeskus.net\/kauppa\/wp-json\/wp\/v2\/product_cat?post=73204"},{"taxonomy":"product_tag","embeddable":true,"href":"https:\/\/logistiikkakeskus.net\/kauppa\/wp-json\/wp\/v2\/product_tag?post=73204"}],"curies":[{"name":"wp","href":"https:\/\/api.w.org\/{rel}","templated":true}]}}