{"id":73198,"date":"2022-12-01T09:28:33","date_gmt":"2022-12-01T09:28:33","guid":{"rendered":"https:\/\/logistiikkakeskus.net\/kauppa\/tuote\/puutarhatalikko-fiskars-xact-l-1003685\/"},"modified":"2026-01-20T09:17:55","modified_gmt":"2026-01-20T07:17:55","slug":"puutarhatalikko-fiskars-xact-l-1003685","status":"publish","type":"product","link":"https:\/\/logistiikkakeskus.net\/kauppa\/tuote\/puutarhatalikko-fiskars-xact-l-1003685\/","title":{"rendered":"Puutarhatalikko Fiskars Xact L 1003685"},"content":{"rendered":"<p>TILAUSTUOTE.TUOTEELLA NORMAALIA PIDEMPI TOIMITUSAIKA.Talikko tiukaksi tallaantuneen maan muokkaukseen. Talikossa 4 leve\u00e4\u00e4piikki\u00e4.<\/p>\n","protected":false},"excerpt":{"rendered":"<p>TILAUSTUOTE.TUOTEELLA NORMAALIA PIDEMPI TOIMITUSAIKA.Talikko tiukaksi tallaantuneen maan muokkaukseen. Talikossa 4 leve\u00e4\u00e4piikki\u00e4.<\/p>\n","protected":false},"featured_media":0,"comment_status":"open","ping_status":"closed","template":"","meta":[],"product_brand":[],"product_cat":[3394],"product_tag":[],"class_list":{"0":"post-73198","1":"product","2":"type-product","3":"status-publish","5":"product_cat-tyokalut-puutarhatyokalut-lapiot-kuokat-ja-talikot","7":"first","8":"instock","9":"shipping-taxable","10":"purchasable","11":"product-type-simple"},"_links":{"self":[{"href":"https:\/\/logistiikkakeskus.net\/kauppa\/wp-json\/wp\/v2\/product\/73198","targetHints":{"allow":["GET"]}}],"collection":[{"href":"https:\/\/logistiikkakeskus.net\/kauppa\/wp-json\/wp\/v2\/product"}],"about":[{"href":"https:\/\/logistiikkakeskus.net\/kauppa\/wp-json\/wp\/v2\/types\/product"}],"replies":[{"embeddable":true,"href":"https:\/\/logistiikkakeskus.net\/kauppa\/wp-json\/wp\/v2\/comments?post=73198"}],"wp:attachment":[{"href":"https:\/\/logistiikkakeskus.net\/kauppa\/wp-json\/wp\/v2\/media?parent=73198"}],"wp:term":[{"taxonomy":"product_brand","embeddable":true,"href":"https:\/\/logistiikkakeskus.net\/kauppa\/wp-json\/wp\/v2\/product_brand?post=73198"},{"taxonomy":"product_cat","embeddable":true,"href":"https:\/\/logistiikkakeskus.net\/kauppa\/wp-json\/wp\/v2\/product_cat?post=73198"},{"taxonomy":"product_tag","embeddable":true,"href":"https:\/\/logistiikkakeskus.net\/kauppa\/wp-json\/wp\/v2\/product_tag?post=73198"}],"curies":[{"name":"wp","href":"https:\/\/api.w.org\/{rel}","templated":true}]}}