{"id":73194,"date":"2022-12-01T09:28:32","date_gmt":"2022-12-01T09:28:32","guid":{"rendered":"https:\/\/logistiikkakeskus.net\/kauppa\/tuote\/fiskars-pistolapio-1001569-ergocom-l\/"},"modified":"2026-01-20T09:17:55","modified_gmt":"2026-01-20T07:17:55","slug":"fiskars-pistolapio-1001569-ergocom-l","status":"publish","type":"product","link":"https:\/\/logistiikkakeskus.net\/kauppa\/tuote\/fiskars-pistolapio-1001569-ergocom-l\/","title":{"rendered":"Fiskars pistolapio 1001569 Ergocom L"},"content":{"rendered":"<p>PISTOLAPIO FISKARS PITK\u00c4VARTINEN 1001569Putkivartinen ErgoComfort-pistolapio sopii maan kaivamiseen jak\u00e4\u00e4nt\u00e4miseen.<\/p>\n","protected":false},"excerpt":{"rendered":"<p>PISTOLAPIO FISKARS PITK\u00c4VARTINEN 1001569Putkivartinen ErgoComfort-pistolapio sopii maan kaivamiseen jak\u00e4\u00e4nt\u00e4miseen.<\/p>\n","protected":false},"featured_media":0,"comment_status":"open","ping_status":"closed","template":"","meta":[],"product_brand":[],"product_cat":[3394],"product_tag":[],"class_list":{"0":"post-73194","1":"product","2":"type-product","3":"status-publish","5":"product_cat-tyokalut-puutarhatyokalut-lapiot-kuokat-ja-talikot","7":"first","8":"instock","9":"shipping-taxable","10":"purchasable","11":"product-type-simple"},"_links":{"self":[{"href":"https:\/\/logistiikkakeskus.net\/kauppa\/wp-json\/wp\/v2\/product\/73194","targetHints":{"allow":["GET"]}}],"collection":[{"href":"https:\/\/logistiikkakeskus.net\/kauppa\/wp-json\/wp\/v2\/product"}],"about":[{"href":"https:\/\/logistiikkakeskus.net\/kauppa\/wp-json\/wp\/v2\/types\/product"}],"replies":[{"embeddable":true,"href":"https:\/\/logistiikkakeskus.net\/kauppa\/wp-json\/wp\/v2\/comments?post=73194"}],"wp:attachment":[{"href":"https:\/\/logistiikkakeskus.net\/kauppa\/wp-json\/wp\/v2\/media?parent=73194"}],"wp:term":[{"taxonomy":"product_brand","embeddable":true,"href":"https:\/\/logistiikkakeskus.net\/kauppa\/wp-json\/wp\/v2\/product_brand?post=73194"},{"taxonomy":"product_cat","embeddable":true,"href":"https:\/\/logistiikkakeskus.net\/kauppa\/wp-json\/wp\/v2\/product_cat?post=73194"},{"taxonomy":"product_tag","embeddable":true,"href":"https:\/\/logistiikkakeskus.net\/kauppa\/wp-json\/wp\/v2\/product_tag?post=73194"}],"curies":[{"name":"wp","href":"https:\/\/api.w.org\/{rel}","templated":true}]}}