{"id":73153,"date":"2022-12-01T09:28:19","date_gmt":"2022-12-01T09:28:19","guid":{"rendered":"https:\/\/logistiikkakeskus.net\/kauppa\/tuote\/katuharja-nylon-punainen-vs-360400-mm\/"},"modified":"2026-01-20T09:17:55","modified_gmt":"2026-01-20T07:17:55","slug":"katuharja-nylon-punainen-vs-360400-mm","status":"publish","type":"product","link":"https:\/\/logistiikkakeskus.net\/kauppa\/tuote\/katuharja-nylon-punainen-vs-360400-mm\/","title":{"rendered":"Katuharja nylon punainen VS 360\/400 mm"},"content":{"rendered":"<p>Leve\u00e4 katuharjan lapa, jonka runko on puinen ja harjaosa valmistettupolypropeenista.Mitat 50 x 7,5 cm.Varsi myyd\u00e4\u00e4n erikseen (411830, 24 mm x 140 cm)hakusanat: pihaharja, lakaisuharja, ulkoharja<\/p>\n","protected":false},"excerpt":{"rendered":"<p>Leve\u00e4 katuharjan lapa, jonka runko on puinen ja harjaosa valmistettupolypropeenista.Mitat 50 x 7,5 cm.Varsi myyd\u00e4\u00e4n erikseen (411830, 24 mm x 140 cm)hakusanat: pihaharja, lakaisuharja, ulkoharja<\/p>\n","protected":false},"featured_media":0,"comment_status":"open","ping_status":"closed","template":"","meta":[],"product_brand":[],"product_cat":[3323],"product_tag":[],"class_list":{"0":"post-73153","1":"product","2":"type-product","3":"status-publish","5":"product_cat-kiinteistotarvikkeet-muut-tuotteet-kiinteistotuotteet","7":"first","8":"instock","9":"shipping-taxable","10":"purchasable","11":"product-type-simple"},"_links":{"self":[{"href":"https:\/\/logistiikkakeskus.net\/kauppa\/wp-json\/wp\/v2\/product\/73153","targetHints":{"allow":["GET"]}}],"collection":[{"href":"https:\/\/logistiikkakeskus.net\/kauppa\/wp-json\/wp\/v2\/product"}],"about":[{"href":"https:\/\/logistiikkakeskus.net\/kauppa\/wp-json\/wp\/v2\/types\/product"}],"replies":[{"embeddable":true,"href":"https:\/\/logistiikkakeskus.net\/kauppa\/wp-json\/wp\/v2\/comments?post=73153"}],"wp:attachment":[{"href":"https:\/\/logistiikkakeskus.net\/kauppa\/wp-json\/wp\/v2\/media?parent=73153"}],"wp:term":[{"taxonomy":"product_brand","embeddable":true,"href":"https:\/\/logistiikkakeskus.net\/kauppa\/wp-json\/wp\/v2\/product_brand?post=73153"},{"taxonomy":"product_cat","embeddable":true,"href":"https:\/\/logistiikkakeskus.net\/kauppa\/wp-json\/wp\/v2\/product_cat?post=73153"},{"taxonomy":"product_tag","embeddable":true,"href":"https:\/\/logistiikkakeskus.net\/kauppa\/wp-json\/wp\/v2\/product_tag?post=73153"}],"curies":[{"name":"wp","href":"https:\/\/api.w.org\/{rel}","templated":true}]}}