{"id":73114,"date":"2022-12-01T09:28:07","date_gmt":"2022-12-01T09:28:07","guid":{"rendered":"https:\/\/logistiikkakeskus.net\/kauppa\/tuote\/tyojalkine-jalas-2902-daniel-38\/"},"modified":"2026-01-20T09:17:53","modified_gmt":"2026-01-20T07:17:53","slug":"tyojalkine-jalas-2902-daniel-38","status":"publish","type":"product","link":"https:\/\/logistiikkakeskus.net\/kauppa\/tuote\/tyojalkine-jalas-2902-daniel-38\/","title":{"rendered":"Turvajalkine Lazer Roller+ S3, 39"},"content":{"rendered":"<p>Sievi Lazer Roller+ -turvajalkineessa on uutena juttunaaukollinenkantarakenne. FlexEnergy-joustoelementti n\u00e4kyy jalkineen kannassaolevista aukoista ja antaa n\u00e4in elementille enemm\u00e4n liikkumavaraalis\u00e4ten n\u00e4in koko keng\u00e4n joustavuutta. BOA-Fit System -kiinnitysmekanismi on jalkineen sivulla ja n\u00e4in jalkineet ovat nopeatpukea ja riisua. Erinomaisen pidon varmistaa Sievi TractionPro-kitkapohja. Varvassuoja komposiittia ja naulaanastumissuoja ter\u00e4st\u00e4.Keng\u00e4n p\u00e4\u00e4llinen mikrokuitua. Lesti: normaali<\/p>\n<p>Hakusanat: turvajalkineet, turvakenk\u00e4, turvakeng\u00e4t<\/p>\n","protected":false},"excerpt":{"rendered":"<p>Sievi Lazer Roller+ -turvajalkineessa on uutena juttunaaukollinenkantarakenne. FlexEnergy-joustoelementti n\u00e4kyy jalkineen kannassaolevista aukoista ja antaa n\u00e4in elementille enemm\u00e4n liikkumavaraalis\u00e4ten n\u00e4in koko keng\u00e4n joustavuutta. BOA-Fit System -kiinnitysmekanismi on jalkineen sivulla ja n\u00e4in jalkineet ovat nopeatpukea ja riisua. Erinomaisen pidon varmistaa Sievi TractionPro-kitkapohja. Varvassuoja komposiittia ja naulaanastumissuoja ter\u00e4st\u00e4.Keng\u00e4n p\u00e4\u00e4llinen mikrokuitua. Lesti: normaali Hakusanat: turvajalkineet, turvakenk\u00e4, turvakeng\u00e4t<\/p>\n","protected":false},"featured_media":0,"comment_status":"open","ping_status":"closed","template":"","meta":[],"product_brand":[],"product_cat":[3415],"product_tag":[],"class_list":{"0":"post-73114","1":"product","2":"type-product","3":"status-publish","5":"product_cat-henkilonsuojaimet-ja-tyoturvallisuus-jalkineet-turvakengat","7":"first","8":"instock","9":"shipping-taxable","10":"purchasable","11":"product-type-simple"},"_links":{"self":[{"href":"https:\/\/logistiikkakeskus.net\/kauppa\/wp-json\/wp\/v2\/product\/73114","targetHints":{"allow":["GET"]}}],"collection":[{"href":"https:\/\/logistiikkakeskus.net\/kauppa\/wp-json\/wp\/v2\/product"}],"about":[{"href":"https:\/\/logistiikkakeskus.net\/kauppa\/wp-json\/wp\/v2\/types\/product"}],"replies":[{"embeddable":true,"href":"https:\/\/logistiikkakeskus.net\/kauppa\/wp-json\/wp\/v2\/comments?post=73114"}],"wp:attachment":[{"href":"https:\/\/logistiikkakeskus.net\/kauppa\/wp-json\/wp\/v2\/media?parent=73114"}],"wp:term":[{"taxonomy":"product_brand","embeddable":true,"href":"https:\/\/logistiikkakeskus.net\/kauppa\/wp-json\/wp\/v2\/product_brand?post=73114"},{"taxonomy":"product_cat","embeddable":true,"href":"https:\/\/logistiikkakeskus.net\/kauppa\/wp-json\/wp\/v2\/product_cat?post=73114"},{"taxonomy":"product_tag","embeddable":true,"href":"https:\/\/logistiikkakeskus.net\/kauppa\/wp-json\/wp\/v2\/product_tag?post=73114"}],"curies":[{"name":"wp","href":"https:\/\/api.w.org\/{rel}","templated":true}]}}