{"id":73039,"date":"2022-12-01T09:27:31","date_gmt":"2022-12-01T09:27:31","guid":{"rendered":"https:\/\/logistiikkakeskus.net\/kauppa\/tuote\/turvajalkine-zone-2-highs3-37\/"},"modified":"2025-10-15T10:18:19","modified_gmt":"2025-10-15T07:18:19","slug":"turvajalkine-zone-2-highs3-37","status":"publish","type":"product","link":"https:\/\/logistiikkakeskus.net\/kauppa\/tuote\/turvajalkine-zone-2-highs3-37\/","title":{"rendered":"Turvajalkine Zone 2 high+S3 37"},"content":{"rendered":"<p>TILAUSTUOTE.TUOTTEELLA NORMAALIA PIDEMPI TOIMITUSAIKA.Uudistettu Zone-tuoteperheen nilkkuri metallittomalla varvassuojalla janaulaanastumissuojalla. P\u00e4\u00e4llinen on kest\u00e4v\u00e4\u00e4 nahkaa ja mikrokuitua.3D-dry-vuori hengitt\u00e4\u00e4 pit\u00e4en jalat kuivina. Dual-pohjalliset lis\u00e4\u00e4v\u00e4tk\u00e4ytt\u00f6mukavuutta. Lis\u00e4tukea tarjoaa memory foam -nilkkasuoja, jokamukautuu vaikutuksesta k\u00e4ytt\u00e4j\u00e4n jalan muotoihin.Varvassuoja,komposiitti,Naulaanastumissuoja,komposiitti\u00d6ljynkest\u00e4v\u00e4, Vett\u00e4 hylkiv\u00e4,Antisaattinen, Staattista s\u00e4hk\u00f6\u00e4 poistavaESD jalkine,Koron jousto FlexStep,Pohjamateriaali FlexStepSievi DUAL Comfort -pohjallinenMetalliton,Muistivaahto -nilkkasuoja,3D-dry-vuoriCE-merkitty: EN ISO 20345:S3 SRCLesti:NormaaliHakusanat:Metalliton,varrellinen,vett\u00e4 hylkiv\u00e4<\/p>\n","protected":false},"excerpt":{"rendered":"<p>TILAUSTUOTE.TUOTTEELLA NORMAALIA PIDEMPI TOIMITUSAIKA.Uudistettu Zone-tuoteperheen nilkkuri metallittomalla varvassuojalla janaulaanastumissuojalla. P\u00e4\u00e4llinen on kest\u00e4v\u00e4\u00e4 nahkaa ja mikrokuitua.3D-dry-vuori hengitt\u00e4\u00e4 pit\u00e4en jalat kuivina. Dual-pohjalliset lis\u00e4\u00e4v\u00e4tk\u00e4ytt\u00f6mukavuutta. Lis\u00e4tukea tarjoaa memory foam -nilkkasuoja, jokamukautuu vaikutuksesta k\u00e4ytt\u00e4j\u00e4n jalan muotoihin.Varvassuoja,komposiitti,Naulaanastumissuoja,komposiitti\u00d6ljynkest\u00e4v\u00e4, Vett\u00e4 hylkiv\u00e4,Antisaattinen, Staattista s\u00e4hk\u00f6\u00e4 poistavaESD jalkine,Koron jousto FlexStep,Pohjamateriaali FlexStepSievi DUAL Comfort -pohjallinenMetalliton,Muistivaahto -nilkkasuoja,3D-dry-vuoriCE-merkitty: EN ISO 20345:S3 SRCLesti:NormaaliHakusanat:Metalliton,varrellinen,vett\u00e4 hylkiv\u00e4<\/p>\n","protected":false},"featured_media":0,"comment_status":"open","ping_status":"closed","template":"","meta":[],"product_brand":[],"product_cat":[3415],"product_tag":[],"class_list":{"0":"post-73039","1":"product","2":"type-product","3":"status-publish","5":"product_cat-henkilonsuojaimet-ja-tyoturvallisuus-jalkineet-turvakengat","7":"first","8":"instock","9":"shipping-taxable","10":"purchasable","11":"product-type-simple"},"_links":{"self":[{"href":"https:\/\/logistiikkakeskus.net\/kauppa\/wp-json\/wp\/v2\/product\/73039","targetHints":{"allow":["GET"]}}],"collection":[{"href":"https:\/\/logistiikkakeskus.net\/kauppa\/wp-json\/wp\/v2\/product"}],"about":[{"href":"https:\/\/logistiikkakeskus.net\/kauppa\/wp-json\/wp\/v2\/types\/product"}],"replies":[{"embeddable":true,"href":"https:\/\/logistiikkakeskus.net\/kauppa\/wp-json\/wp\/v2\/comments?post=73039"}],"wp:attachment":[{"href":"https:\/\/logistiikkakeskus.net\/kauppa\/wp-json\/wp\/v2\/media?parent=73039"}],"wp:term":[{"taxonomy":"product_brand","embeddable":true,"href":"https:\/\/logistiikkakeskus.net\/kauppa\/wp-json\/wp\/v2\/product_brand?post=73039"},{"taxonomy":"product_cat","embeddable":true,"href":"https:\/\/logistiikkakeskus.net\/kauppa\/wp-json\/wp\/v2\/product_cat?post=73039"},{"taxonomy":"product_tag","embeddable":true,"href":"https:\/\/logistiikkakeskus.net\/kauppa\/wp-json\/wp\/v2\/product_tag?post=73039"}],"curies":[{"name":"wp","href":"https:\/\/api.w.org\/{rel}","templated":true}]}}