{"id":72859,"date":"2022-12-01T09:26:18","date_gmt":"2022-12-01T09:26:18","guid":{"rendered":"https:\/\/logistiikkakeskus.net\/kauppa\/tuote\/turvajalkine-al-hit-6-s3-36\/"},"modified":"2026-01-20T09:17:45","modified_gmt":"2026-01-20T07:17:45","slug":"turvajalkine-al-hit-6-s3-36","status":"publish","type":"product","link":"https:\/\/logistiikkakeskus.net\/kauppa\/tuote\/turvajalkine-al-hit-6-s3-36\/","title":{"rendered":"Turvajalkine Sievi AL Hit 6 S3 36"},"content":{"rendered":"<p>Tilaustuote. Tuotteella on normaalia pidempi toimitusaika.Tilaustuotteella ei ole palautusoikeutta.<\/p>\n<p>Sievin AL Hit 6 on erinomainen talviturvakenk\u00e4, l\u00e4mmin vuori japitopohja samassa paketissa. Varvassuoja on alumiinia janaulaanastumissuoja ter\u00e4st\u00e4. Keng\u00e4n p\u00e4\u00e4llisnahkaa suojaa hienostik\u00e4rkikuppi. Kumikitkapohja pit\u00e4\u00e4 k\u00e4ytt\u00e4j\u00e4ns\u00e4 pystyss\u00e4. Pohjanter\u00e4v\u00e4reunainen profiili on suunniteltu kitkan maksimoimiseen ja pidons\u00e4ilytt\u00e4miseen. Pohja kest\u00e4\u00e4 \u00f6ljy\u00e4 ja useita kemikaaleja sek\u00e4 kuumuutta300 asteeseen asti. Sievi Dual Comfort -pohjalliset lis\u00e4\u00e4v\u00e4tk\u00e4ytt\u00f6mukavuutta. Vetoketju helpottaa keng\u00e4n pukemista jalkaan. ESD-hyv\u00e4ksytty. Lesti: Normaali<\/p>\n<p>Hakusanat: turvakenk\u00e4, talvikenk\u00e4, maihari<\/p>\n","protected":false},"excerpt":{"rendered":"<p>Tilaustuote. Tuotteella on normaalia pidempi toimitusaika.Tilaustuotteella ei ole palautusoikeutta. Sievin AL Hit 6 on erinomainen talviturvakenk\u00e4, l\u00e4mmin vuori japitopohja samassa paketissa. Varvassuoja on alumiinia janaulaanastumissuoja ter\u00e4st\u00e4. Keng\u00e4n p\u00e4\u00e4llisnahkaa suojaa hienostik\u00e4rkikuppi. Kumikitkapohja pit\u00e4\u00e4 k\u00e4ytt\u00e4j\u00e4ns\u00e4 pystyss\u00e4. Pohjanter\u00e4v\u00e4reunainen profiili on suunniteltu kitkan maksimoimiseen ja pidons\u00e4ilytt\u00e4miseen. Pohja kest\u00e4\u00e4 \u00f6ljy\u00e4 ja useita kemikaaleja sek\u00e4 kuumuutta300 asteeseen asti. Sievi Dual Comfort [&hellip;]<\/p>\n","protected":false},"featured_media":103357,"comment_status":"open","ping_status":"closed","template":"","meta":[],"product_brand":[],"product_cat":[3415],"product_tag":[],"class_list":{"0":"post-72859","1":"product","2":"type-product","3":"status-publish","4":"has-post-thumbnail","6":"product_cat-henkilonsuojaimet-ja-tyoturvallisuus-jalkineet-turvakengat","8":"first","9":"instock","10":"shipping-taxable","11":"purchasable","12":"product-type-simple"},"_links":{"self":[{"href":"https:\/\/logistiikkakeskus.net\/kauppa\/wp-json\/wp\/v2\/product\/72859","targetHints":{"allow":["GET"]}}],"collection":[{"href":"https:\/\/logistiikkakeskus.net\/kauppa\/wp-json\/wp\/v2\/product"}],"about":[{"href":"https:\/\/logistiikkakeskus.net\/kauppa\/wp-json\/wp\/v2\/types\/product"}],"replies":[{"embeddable":true,"href":"https:\/\/logistiikkakeskus.net\/kauppa\/wp-json\/wp\/v2\/comments?post=72859"}],"wp:featuredmedia":[{"embeddable":true,"href":"https:\/\/logistiikkakeskus.net\/kauppa\/wp-json\/wp\/v2\/media\/103357"}],"wp:attachment":[{"href":"https:\/\/logistiikkakeskus.net\/kauppa\/wp-json\/wp\/v2\/media?parent=72859"}],"wp:term":[{"taxonomy":"product_brand","embeddable":true,"href":"https:\/\/logistiikkakeskus.net\/kauppa\/wp-json\/wp\/v2\/product_brand?post=72859"},{"taxonomy":"product_cat","embeddable":true,"href":"https:\/\/logistiikkakeskus.net\/kauppa\/wp-json\/wp\/v2\/product_cat?post=72859"},{"taxonomy":"product_tag","embeddable":true,"href":"https:\/\/logistiikkakeskus.net\/kauppa\/wp-json\/wp\/v2\/product_tag?post=72859"}],"curies":[{"name":"wp","href":"https:\/\/api.w.org\/{rel}","templated":true}]}}