{"id":72852,"date":"2022-12-01T09:26:15","date_gmt":"2022-12-01T09:26:15","guid":{"rendered":"https:\/\/logistiikkakeskus.net\/kauppa\/tuote\/turvajalkine-jalas-1848-titan-44\/"},"modified":"2025-10-15T10:18:11","modified_gmt":"2025-10-15T07:18:11","slug":"turvajalkine-jalas-1848-titan-44","status":"publish","type":"product","link":"https:\/\/logistiikkakeskus.net\/kauppa\/tuote\/turvajalkine-jalas-1848-titan-44\/","title":{"rendered":"Turvajalkine Jalas 1228W 44"},"content":{"rendered":"<p>Tilaustuote. Tuotteella on normaalia pidempi toimitusaika.Tilaustuotteella ei ole palautusoikeutta.<\/p>\n<p>Mukavin ja kest\u00e4vin varsikenk\u00e4 hitsaukseen parhaallamahdollisellasuojauksella. BOA-kiinnitysj\u00e4rjestelm\u00e4 mahdollistaa t\u00e4ydellisenistuvuuden ja PU-pinnoitettu nahkap\u00e4\u00e4llinen antaa lis\u00e4suojaa.Erikoisk\u00e4sitelty nahka ja KEVLAR-lanka saumoissa suojaavat kuumuudeltaylimm\u00e4n k\u00e4ytt\u00f6l\u00e4mp\u00f6tilan ollessa 427 C ja pitk\u00e4aikaisenl\u00e4mp\u00f6altistusrajan ollessa 204 C. \u00d6ljyn- ja l\u00e4mm\u00f6nkest\u00e4v\u00e4nitriiliulkopohja takaa erinomaisen pidon ja komposiittivarvassuoja,ter\u00e4ksinen naulaanastumissuoja ja kaksinkertaiset Poron XRD -iskunvaimennusvy\u00f6hykkeet auttavat ehk\u00e4isem\u00e4\u00e4n vammoja. Turvak\u00e4rkikomposiitti. Pintamateriaali: PU-pintainen nahka vett\u00e4hylkiv\u00e4. Lesti:Normaali<\/p>\n<p>Hakusanat: turvajalkineet, turvakenk\u00e4, turvakeng\u00e4t hitsauskenk\u00e4<\/p>\n","protected":false},"excerpt":{"rendered":"<p>Tilaustuote. Tuotteella on normaalia pidempi toimitusaika.Tilaustuotteella ei ole palautusoikeutta. Mukavin ja kest\u00e4vin varsikenk\u00e4 hitsaukseen parhaallamahdollisellasuojauksella. BOA-kiinnitysj\u00e4rjestelm\u00e4 mahdollistaa t\u00e4ydellisenistuvuuden ja PU-pinnoitettu nahkap\u00e4\u00e4llinen antaa lis\u00e4suojaa.Erikoisk\u00e4sitelty nahka ja KEVLAR-lanka saumoissa suojaavat kuumuudeltaylimm\u00e4n k\u00e4ytt\u00f6l\u00e4mp\u00f6tilan ollessa 427 C ja pitk\u00e4aikaisenl\u00e4mp\u00f6altistusrajan ollessa 204 C. \u00d6ljyn- ja l\u00e4mm\u00f6nkest\u00e4v\u00e4nitriiliulkopohja takaa erinomaisen pidon ja komposiittivarvassuoja,ter\u00e4ksinen naulaanastumissuoja ja kaksinkertaiset Poron XRD -iskunvaimennusvy\u00f6hykkeet auttavat ehk\u00e4isem\u00e4\u00e4n vammoja. [&hellip;]<\/p>\n","protected":false},"featured_media":92398,"comment_status":"open","ping_status":"closed","template":"","meta":[],"product_brand":[],"product_cat":[3415],"product_tag":[],"class_list":{"0":"post-72852","1":"product","2":"type-product","3":"status-publish","4":"has-post-thumbnail","6":"product_cat-henkilonsuojaimet-ja-tyoturvallisuus-jalkineet-turvakengat","8":"first","9":"instock","10":"shipping-taxable","11":"purchasable","12":"product-type-simple"},"_links":{"self":[{"href":"https:\/\/logistiikkakeskus.net\/kauppa\/wp-json\/wp\/v2\/product\/72852","targetHints":{"allow":["GET"]}}],"collection":[{"href":"https:\/\/logistiikkakeskus.net\/kauppa\/wp-json\/wp\/v2\/product"}],"about":[{"href":"https:\/\/logistiikkakeskus.net\/kauppa\/wp-json\/wp\/v2\/types\/product"}],"replies":[{"embeddable":true,"href":"https:\/\/logistiikkakeskus.net\/kauppa\/wp-json\/wp\/v2\/comments?post=72852"}],"wp:featuredmedia":[{"embeddable":true,"href":"https:\/\/logistiikkakeskus.net\/kauppa\/wp-json\/wp\/v2\/media\/92398"}],"wp:attachment":[{"href":"https:\/\/logistiikkakeskus.net\/kauppa\/wp-json\/wp\/v2\/media?parent=72852"}],"wp:term":[{"taxonomy":"product_brand","embeddable":true,"href":"https:\/\/logistiikkakeskus.net\/kauppa\/wp-json\/wp\/v2\/product_brand?post=72852"},{"taxonomy":"product_cat","embeddable":true,"href":"https:\/\/logistiikkakeskus.net\/kauppa\/wp-json\/wp\/v2\/product_cat?post=72852"},{"taxonomy":"product_tag","embeddable":true,"href":"https:\/\/logistiikkakeskus.net\/kauppa\/wp-json\/wp\/v2\/product_tag?post=72852"}],"curies":[{"name":"wp","href":"https:\/\/api.w.org\/{rel}","templated":true}]}}