{"id":72767,"date":"2022-12-01T09:25:31","date_gmt":"2022-12-01T09:25:31","guid":{"rendered":"https:\/\/logistiikkakeskus.net\/kauppa\/tuote\/turvajalkine-3100-monza-grip-41\/"},"modified":"2026-01-20T09:17:40","modified_gmt":"2026-01-20T07:17:40","slug":"turvajalkine-3100-monza-grip-41","status":"publish","type":"product","link":"https:\/\/logistiikkakeskus.net\/kauppa\/tuote\/turvajalkine-3100-monza-grip-41\/","title":{"rendered":"Turvajalkine 3100 Monza Grip 41"},"content":{"rendered":"<p>Tilaustuote. Tilaustuotteella on normaalia pidempitoimitusaika.Tilaustuotteella ei ole palautusoikeutta.<\/p>\n<p>Jalas 3100 Monza Grip -turvasandaalin varvassuoja on alumiinia.Lis\u00e4ksi PU-v\u00e4lipohja, muovilenkkituki ja kumi-ulkopohja.P\u00e4\u00e4llismateriaali on PU-pintainen nahka ja haljasnahka. \u00d6ljy\u00e4 jakuumuutta kest\u00e4v\u00e4 ulkopohja. Lesti: normaali<\/p>\n<p>Hakusanat: turvakenk\u00e4, turvasandaali<\/p>\n","protected":false},"excerpt":{"rendered":"<p>Tilaustuote. Tilaustuotteella on normaalia pidempitoimitusaika.Tilaustuotteella ei ole palautusoikeutta. Jalas 3100 Monza Grip -turvasandaalin varvassuoja on alumiinia.Lis\u00e4ksi PU-v\u00e4lipohja, muovilenkkituki ja kumi-ulkopohja.P\u00e4\u00e4llismateriaali on PU-pintainen nahka ja haljasnahka. \u00d6ljy\u00e4 jakuumuutta kest\u00e4v\u00e4 ulkopohja. Lesti: normaali Hakusanat: turvakenk\u00e4, turvasandaali<\/p>\n","protected":false},"featured_media":103212,"comment_status":"open","ping_status":"closed","template":"","meta":[],"product_brand":[],"product_cat":[3415],"product_tag":[],"class_list":{"0":"post-72767","1":"product","2":"type-product","3":"status-publish","4":"has-post-thumbnail","6":"product_cat-henkilonsuojaimet-ja-tyoturvallisuus-jalkineet-turvakengat","8":"first","9":"instock","10":"shipping-taxable","11":"purchasable","12":"product-type-simple"},"_links":{"self":[{"href":"https:\/\/logistiikkakeskus.net\/kauppa\/wp-json\/wp\/v2\/product\/72767","targetHints":{"allow":["GET"]}}],"collection":[{"href":"https:\/\/logistiikkakeskus.net\/kauppa\/wp-json\/wp\/v2\/product"}],"about":[{"href":"https:\/\/logistiikkakeskus.net\/kauppa\/wp-json\/wp\/v2\/types\/product"}],"replies":[{"embeddable":true,"href":"https:\/\/logistiikkakeskus.net\/kauppa\/wp-json\/wp\/v2\/comments?post=72767"}],"wp:featuredmedia":[{"embeddable":true,"href":"https:\/\/logistiikkakeskus.net\/kauppa\/wp-json\/wp\/v2\/media\/103212"}],"wp:attachment":[{"href":"https:\/\/logistiikkakeskus.net\/kauppa\/wp-json\/wp\/v2\/media?parent=72767"}],"wp:term":[{"taxonomy":"product_brand","embeddable":true,"href":"https:\/\/logistiikkakeskus.net\/kauppa\/wp-json\/wp\/v2\/product_brand?post=72767"},{"taxonomy":"product_cat","embeddable":true,"href":"https:\/\/logistiikkakeskus.net\/kauppa\/wp-json\/wp\/v2\/product_cat?post=72767"},{"taxonomy":"product_tag","embeddable":true,"href":"https:\/\/logistiikkakeskus.net\/kauppa\/wp-json\/wp\/v2\/product_tag?post=72767"}],"curies":[{"name":"wp","href":"https:\/\/api.w.org\/{rel}","templated":true}]}}