{"id":72724,"date":"2022-12-01T09:25:16","date_gmt":"2022-12-01T09:25:16","guid":{"rendered":"https:\/\/logistiikkakeskus.net\/kauppa\/tuote\/pohjalliset-jalas-spenco-40\/"},"modified":"2026-01-20T09:17:37","modified_gmt":"2026-01-20T07:17:37","slug":"pohjalliset-jalas-spenco-40","status":"publish","type":"product","link":"https:\/\/logistiikkakeskus.net\/kauppa\/tuote\/pohjalliset-jalas-spenco-40\/","title":{"rendered":"Pohjalliset Sievi Pressure Relief 40"},"content":{"rendered":"<p>Pressure Relief -pohjalliset muotoutuvat jalkojesi mukaansiten, ett\u00e4painosi jakautuu tasaisemmin ja rasitus v\u00e4henee. Tasaamalla jalkapohjanalueelle kohdistuvaa painetta ne vaimentavat askelten aiheuttamia,alakehoon kohdistuvia iskuja ja auttavat neutraalilla tavallavakauttamaan jalkojesi asennon ja tukemaan luonnollista k\u00e4velytyyli\u00e4si.Antistaattinen ja ESD-hyv\u00e4ksytty. Konepest\u00e4v\u00e4 40 asteessa. Eritt\u00e4inmukavat! Normaali lesti.<\/p>\n<p>Hakusanat: pohjallinen, keng\u00e4npohjalliset, pohjalliset<\/p>\n","protected":false},"excerpt":{"rendered":"<p>Pressure Relief -pohjalliset muotoutuvat jalkojesi mukaansiten, ett\u00e4painosi jakautuu tasaisemmin ja rasitus v\u00e4henee. Tasaamalla jalkapohjanalueelle kohdistuvaa painetta ne vaimentavat askelten aiheuttamia,alakehoon kohdistuvia iskuja ja auttavat neutraalilla tavallavakauttamaan jalkojesi asennon ja tukemaan luonnollista k\u00e4velytyyli\u00e4si.Antistaattinen ja ESD-hyv\u00e4ksytty. Konepest\u00e4v\u00e4 40 asteessa. Eritt\u00e4inmukavat! Normaali lesti. Hakusanat: pohjallinen, keng\u00e4npohjalliset, pohjalliset<\/p>\n","protected":false},"featured_media":103303,"comment_status":"open","ping_status":"closed","template":"","meta":[],"product_brand":[],"product_cat":[3391],"product_tag":[],"class_list":{"0":"post-72724","1":"product","2":"type-product","3":"status-publish","4":"has-post-thumbnail","6":"product_cat-vaatteet-jalkineet-pohjalliset-ja-syylinkit","8":"first","9":"instock","10":"shipping-taxable","11":"purchasable","12":"product-type-simple"},"_links":{"self":[{"href":"https:\/\/logistiikkakeskus.net\/kauppa\/wp-json\/wp\/v2\/product\/72724","targetHints":{"allow":["GET"]}}],"collection":[{"href":"https:\/\/logistiikkakeskus.net\/kauppa\/wp-json\/wp\/v2\/product"}],"about":[{"href":"https:\/\/logistiikkakeskus.net\/kauppa\/wp-json\/wp\/v2\/types\/product"}],"replies":[{"embeddable":true,"href":"https:\/\/logistiikkakeskus.net\/kauppa\/wp-json\/wp\/v2\/comments?post=72724"}],"wp:featuredmedia":[{"embeddable":true,"href":"https:\/\/logistiikkakeskus.net\/kauppa\/wp-json\/wp\/v2\/media\/103303"}],"wp:attachment":[{"href":"https:\/\/logistiikkakeskus.net\/kauppa\/wp-json\/wp\/v2\/media?parent=72724"}],"wp:term":[{"taxonomy":"product_brand","embeddable":true,"href":"https:\/\/logistiikkakeskus.net\/kauppa\/wp-json\/wp\/v2\/product_brand?post=72724"},{"taxonomy":"product_cat","embeddable":true,"href":"https:\/\/logistiikkakeskus.net\/kauppa\/wp-json\/wp\/v2\/product_cat?post=72724"},{"taxonomy":"product_tag","embeddable":true,"href":"https:\/\/logistiikkakeskus.net\/kauppa\/wp-json\/wp\/v2\/product_tag?post=72724"}],"curies":[{"name":"wp","href":"https:\/\/api.w.org\/{rel}","templated":true}]}}