{"id":72703,"date":"2022-12-01T09:25:09","date_gmt":"2022-12-01T09:25:09","guid":{"rendered":"https:\/\/logistiikkakeskus.net\/kauppa\/tuote\/laastipalju-gripline-vahva-45-l-sangalla\/"},"modified":"2026-01-20T09:17:36","modified_gmt":"2026-01-20T07:17:36","slug":"laastipalju-gripline-vahva-45-l-sangalla","status":"publish","type":"product","link":"https:\/\/logistiikkakeskus.net\/kauppa\/tuote\/laastipalju-gripline-vahva-45-l-sangalla\/","title":{"rendered":"Laastipalju Gripline vahva 45 l sangalla"},"content":{"rendered":"<p>J\u00e4m\u00e4kk\u00e4 45 litran muurausastia sangalla. Musta.hakusanat: laastisaavi, laastisanko, muovisanko<\/p>\n","protected":false},"excerpt":{"rendered":"<p>J\u00e4m\u00e4kk\u00e4 45 litran muurausastia sangalla. Musta.hakusanat: laastisaavi, laastisanko, muovisanko<\/p>\n","protected":false},"featured_media":103184,"comment_status":"open","ping_status":"closed","template":"","meta":[],"product_brand":[],"product_cat":[3329],"product_tag":[],"class_list":{"0":"post-72703","1":"product","2":"type-product","3":"status-publish","4":"has-post-thumbnail","6":"product_cat-rakennustarvikkeet-laastit-ja-sementit-tarvikkeet-ja-lisaaineet","8":"first","9":"instock","10":"shipping-taxable","11":"purchasable","12":"product-type-simple"},"_links":{"self":[{"href":"https:\/\/logistiikkakeskus.net\/kauppa\/wp-json\/wp\/v2\/product\/72703","targetHints":{"allow":["GET"]}}],"collection":[{"href":"https:\/\/logistiikkakeskus.net\/kauppa\/wp-json\/wp\/v2\/product"}],"about":[{"href":"https:\/\/logistiikkakeskus.net\/kauppa\/wp-json\/wp\/v2\/types\/product"}],"replies":[{"embeddable":true,"href":"https:\/\/logistiikkakeskus.net\/kauppa\/wp-json\/wp\/v2\/comments?post=72703"}],"wp:featuredmedia":[{"embeddable":true,"href":"https:\/\/logistiikkakeskus.net\/kauppa\/wp-json\/wp\/v2\/media\/103184"}],"wp:attachment":[{"href":"https:\/\/logistiikkakeskus.net\/kauppa\/wp-json\/wp\/v2\/media?parent=72703"}],"wp:term":[{"taxonomy":"product_brand","embeddable":true,"href":"https:\/\/logistiikkakeskus.net\/kauppa\/wp-json\/wp\/v2\/product_brand?post=72703"},{"taxonomy":"product_cat","embeddable":true,"href":"https:\/\/logistiikkakeskus.net\/kauppa\/wp-json\/wp\/v2\/product_cat?post=72703"},{"taxonomy":"product_tag","embeddable":true,"href":"https:\/\/logistiikkakeskus.net\/kauppa\/wp-json\/wp\/v2\/product_tag?post=72703"}],"curies":[{"name":"wp","href":"https:\/\/api.w.org\/{rel}","templated":true}]}}