{"id":72642,"date":"2022-12-01T09:24:47","date_gmt":"2022-12-01T09:24:47","guid":{"rendered":"https:\/\/logistiikkakeskus.net\/kauppa\/tuote\/kevytpeite-prof-vihrea-2x3-m-120gm2\/"},"modified":"2026-01-20T09:17:34","modified_gmt":"2026-01-20T07:17:34","slug":"kevytpeite-prof-vihrea-2x3-m-120gm2","status":"publish","type":"product","link":"https:\/\/logistiikkakeskus.net\/kauppa\/tuote\/kevytpeite-prof-vihrea-2x3-m-120gm2\/","title":{"rendered":"Kevytpeite Prof vihre\u00e4 2&#215;3 m 120gM2"},"content":{"rendered":"<p>Kevyeen suojaamiseen esim. s\u00e4\u00e4t\u00e4 vastaan. Peitteen kiinnityst\u00e4helpottavat purjerenkaat.PE-muovia, painoluokka n. 120 g\/ m\u00b2. Peitteen koko n. 2 x 3 metri\u00e4.hakusana: pressu<\/p>\n","protected":false},"excerpt":{"rendered":"<p>Kevyeen suojaamiseen esim. s\u00e4\u00e4t\u00e4 vastaan. Peitteen kiinnityst\u00e4helpottavat purjerenkaat.PE-muovia, painoluokka n. 120 g\/ m\u00b2. Peitteen koko n. 2 x 3 metri\u00e4.hakusana: pressu<\/p>\n","protected":false},"featured_media":103156,"comment_status":"open","ping_status":"closed","template":"","meta":[],"product_brand":[],"product_cat":[3356],"product_tag":[],"class_list":{"0":"post-72642","1":"product","2":"type-product","3":"status-publish","4":"has-post-thumbnail","6":"product_cat-rakennustarvikkeet-pienrauta-ja-kiiinnikkeet-rak-paperit-ja-muovit","8":"first","9":"instock","10":"shipping-taxable","11":"purchasable","12":"product-type-simple"},"_links":{"self":[{"href":"https:\/\/logistiikkakeskus.net\/kauppa\/wp-json\/wp\/v2\/product\/72642","targetHints":{"allow":["GET"]}}],"collection":[{"href":"https:\/\/logistiikkakeskus.net\/kauppa\/wp-json\/wp\/v2\/product"}],"about":[{"href":"https:\/\/logistiikkakeskus.net\/kauppa\/wp-json\/wp\/v2\/types\/product"}],"replies":[{"embeddable":true,"href":"https:\/\/logistiikkakeskus.net\/kauppa\/wp-json\/wp\/v2\/comments?post=72642"}],"wp:featuredmedia":[{"embeddable":true,"href":"https:\/\/logistiikkakeskus.net\/kauppa\/wp-json\/wp\/v2\/media\/103156"}],"wp:attachment":[{"href":"https:\/\/logistiikkakeskus.net\/kauppa\/wp-json\/wp\/v2\/media?parent=72642"}],"wp:term":[{"taxonomy":"product_brand","embeddable":true,"href":"https:\/\/logistiikkakeskus.net\/kauppa\/wp-json\/wp\/v2\/product_brand?post=72642"},{"taxonomy":"product_cat","embeddable":true,"href":"https:\/\/logistiikkakeskus.net\/kauppa\/wp-json\/wp\/v2\/product_cat?post=72642"},{"taxonomy":"product_tag","embeddable":true,"href":"https:\/\/logistiikkakeskus.net\/kauppa\/wp-json\/wp\/v2\/product_tag?post=72642"}],"curies":[{"name":"wp","href":"https:\/\/api.w.org\/{rel}","templated":true}]}}