{"id":72618,"date":"2022-12-01T09:24:39","date_gmt":"2022-12-01T09:24:39","guid":{"rendered":"https:\/\/logistiikkakeskus.net\/kauppa\/tuote\/pikasuojausteippi-stokvis-27m-x-20m\/"},"modified":"2026-01-20T09:17:32","modified_gmt":"2026-01-20T07:17:32","slug":"pikasuojausteippi-stokvis-27m-x-20m","status":"publish","type":"product","link":"https:\/\/logistiikkakeskus.net\/kauppa\/tuote\/pikasuojausteippi-stokvis-27m-x-20m\/","title":{"rendered":"Suojamuovi Prof teipill\u00e4 2700mmx20m"},"content":{"rendered":"<p>Teipill\u00e4 varustettu PROF-suojamuovi soveltuu sis\u00e4k\u00e4ytt\u00f6\u00f6n. Maalauksentai suojaamisen j\u00e4lkeen teippireunainen suojamuovi on helposti janopeasti irrotettavissa ja h\u00e4vitett\u00e4viss\u00e4.OMINAISUUDET:\u2022 suojaa pintoja maaliroiskeilta\u2022 tarkat ja siistit maalirajat\u2022 suojakalvo on helppo leikata oikean kokoiseksi\u2022 mukautuu suojattavan alueen mukaan\u2022 maaliroiskeet valuvat hitaammin kalvorakenteen ansiosta\u2022 v\u00e4ri: l\u00e4pin\u00e4kyv\u00e4\u2022 k\u00e4ytt\u00f6: sis\u00e4lle\u2022 leveys: 2700 mm<\/p>\n","protected":false},"excerpt":{"rendered":"<p>Teipill\u00e4 varustettu PROF-suojamuovi soveltuu sis\u00e4k\u00e4ytt\u00f6\u00f6n. Maalauksentai suojaamisen j\u00e4lkeen teippireunainen suojamuovi on helposti janopeasti irrotettavissa ja h\u00e4vitett\u00e4viss\u00e4.OMINAISUUDET:\u2022 suojaa pintoja maaliroiskeilta\u2022 tarkat ja siistit maalirajat\u2022 suojakalvo on helppo leikata oikean kokoiseksi\u2022 mukautuu suojattavan alueen mukaan\u2022 maaliroiskeet valuvat hitaammin kalvorakenteen ansiosta\u2022 v\u00e4ri: l\u00e4pin\u00e4kyv\u00e4\u2022 k\u00e4ytt\u00f6: sis\u00e4lle\u2022 leveys: 2700 mm<\/p>\n","protected":false},"featured_media":103140,"comment_status":"open","ping_status":"closed","template":"","meta":[],"product_brand":[],"product_cat":[3356],"product_tag":[],"class_list":{"0":"post-72618","1":"product","2":"type-product","3":"status-publish","4":"has-post-thumbnail","6":"product_cat-rakennustarvikkeet-pienrauta-ja-kiiinnikkeet-rak-paperit-ja-muovit","8":"first","9":"instock","10":"shipping-taxable","11":"purchasable","12":"product-type-simple"},"_links":{"self":[{"href":"https:\/\/logistiikkakeskus.net\/kauppa\/wp-json\/wp\/v2\/product\/72618","targetHints":{"allow":["GET"]}}],"collection":[{"href":"https:\/\/logistiikkakeskus.net\/kauppa\/wp-json\/wp\/v2\/product"}],"about":[{"href":"https:\/\/logistiikkakeskus.net\/kauppa\/wp-json\/wp\/v2\/types\/product"}],"replies":[{"embeddable":true,"href":"https:\/\/logistiikkakeskus.net\/kauppa\/wp-json\/wp\/v2\/comments?post=72618"}],"wp:featuredmedia":[{"embeddable":true,"href":"https:\/\/logistiikkakeskus.net\/kauppa\/wp-json\/wp\/v2\/media\/103140"}],"wp:attachment":[{"href":"https:\/\/logistiikkakeskus.net\/kauppa\/wp-json\/wp\/v2\/media?parent=72618"}],"wp:term":[{"taxonomy":"product_brand","embeddable":true,"href":"https:\/\/logistiikkakeskus.net\/kauppa\/wp-json\/wp\/v2\/product_brand?post=72618"},{"taxonomy":"product_cat","embeddable":true,"href":"https:\/\/logistiikkakeskus.net\/kauppa\/wp-json\/wp\/v2\/product_cat?post=72618"},{"taxonomy":"product_tag","embeddable":true,"href":"https:\/\/logistiikkakeskus.net\/kauppa\/wp-json\/wp\/v2\/product_tag?post=72618"}],"curies":[{"name":"wp","href":"https:\/\/api.w.org\/{rel}","templated":true}]}}