{"id":72604,"date":"2022-12-01T09:24:35","date_gmt":"2022-12-01T09:24:35","guid":{"rendered":"https:\/\/logistiikkakeskus.net\/kauppa\/tuote\/imeytysrouhe-sorbix-universal-40-l20kg\/"},"modified":"2026-01-20T09:17:32","modified_gmt":"2026-01-20T07:17:32","slug":"imeytysrouhe-sorbix-universal-40-l20kg","status":"publish","type":"product","link":"https:\/\/logistiikkakeskus.net\/kauppa\/tuote\/imeytysrouhe-sorbix-universal-40-l20kg\/","title":{"rendered":"Imeytysrouhe SORBIX UNIVERSAL 40 L\/20kg"},"content":{"rendered":"<p>Erilaisten nesteiden imeytt\u00e4miseen kiinteilt\u00e4 pinnoilta sis\u00e4- jaulkotiloissaSorbix Universal: valmistettu kalsinoidusta piimaastaL\u00e4mp\u00f6k\u00e4sittelyn avulla rakeista tehd\u00e4\u00e4n kovia, joten ne eiv\u00e4t hajoak\u00e4yt\u00f6ss\u00e4.hakusanat: \u00f6ljynsidonta, \u00f6ljyntorjunta<\/p>\n","protected":false},"excerpt":{"rendered":"<p>Erilaisten nesteiden imeytt\u00e4miseen kiinteilt\u00e4 pinnoilta sis\u00e4- jaulkotiloissaSorbix Universal: valmistettu kalsinoidusta piimaastaL\u00e4mp\u00f6k\u00e4sittelyn avulla rakeista tehd\u00e4\u00e4n kovia, joten ne eiv\u00e4t hajoak\u00e4yt\u00f6ss\u00e4.hakusanat: \u00f6ljynsidonta, \u00f6ljyntorjunta<\/p>\n","protected":false},"featured_media":103139,"comment_status":"open","ping_status":"closed","template":"","meta":[],"product_brand":[],"product_cat":[3323],"product_tag":[],"class_list":{"0":"post-72604","1":"product","2":"type-product","3":"status-publish","4":"has-post-thumbnail","6":"product_cat-kiinteistotarvikkeet-muut-tuotteet-kiinteistotuotteet","8":"first","9":"instock","10":"shipping-taxable","11":"purchasable","12":"product-type-simple"},"_links":{"self":[{"href":"https:\/\/logistiikkakeskus.net\/kauppa\/wp-json\/wp\/v2\/product\/72604","targetHints":{"allow":["GET"]}}],"collection":[{"href":"https:\/\/logistiikkakeskus.net\/kauppa\/wp-json\/wp\/v2\/product"}],"about":[{"href":"https:\/\/logistiikkakeskus.net\/kauppa\/wp-json\/wp\/v2\/types\/product"}],"replies":[{"embeddable":true,"href":"https:\/\/logistiikkakeskus.net\/kauppa\/wp-json\/wp\/v2\/comments?post=72604"}],"wp:featuredmedia":[{"embeddable":true,"href":"https:\/\/logistiikkakeskus.net\/kauppa\/wp-json\/wp\/v2\/media\/103139"}],"wp:attachment":[{"href":"https:\/\/logistiikkakeskus.net\/kauppa\/wp-json\/wp\/v2\/media?parent=72604"}],"wp:term":[{"taxonomy":"product_brand","embeddable":true,"href":"https:\/\/logistiikkakeskus.net\/kauppa\/wp-json\/wp\/v2\/product_brand?post=72604"},{"taxonomy":"product_cat","embeddable":true,"href":"https:\/\/logistiikkakeskus.net\/kauppa\/wp-json\/wp\/v2\/product_cat?post=72604"},{"taxonomy":"product_tag","embeddable":true,"href":"https:\/\/logistiikkakeskus.net\/kauppa\/wp-json\/wp\/v2\/product_tag?post=72604"}],"curies":[{"name":"wp","href":"https:\/\/api.w.org\/{rel}","templated":true}]}}