{"id":72601,"date":"2022-12-01T09:24:34","date_gmt":"2022-12-01T09:24:34","guid":{"rendered":"https:\/\/logistiikkakeskus.net\/kauppa\/tuote\/kuoritakki-vuorel-huomio-kelt-stara-4xl\/"},"modified":"2026-01-20T09:17:32","modified_gmt":"2026-01-20T07:17:32","slug":"kuoritakki-vuorel-huomio-kelt-stara-4xl","status":"publish","type":"product","link":"https:\/\/logistiikkakeskus.net\/kauppa\/tuote\/kuoritakki-vuorel-huomio-kelt-stara-4xl\/","title":{"rendered":"Kuoritakki vuorel. huomio kelt Stara 4XL"},"content":{"rendered":"<p>Tilaustuote. Tuotteella normaalia pidempi toimitusaikaKuoritakki irroitettavalla tikatulla vuorella. Vuorta ei saa k\u00e4ytt\u00e4\u00e4erikseen. Raskas kangasrakenne, sopii eritt\u00e4in ankariinty\u00f6olosuhteisiin, koska sill\u00e4 on my\u00f6s hyv\u00e4 kulutuskest\u00e4vyys. T\u00e4ss\u00e4k\u00e4yt\u00e4nn\u00f6llisess\u00e4 pommitakissa on kyn\u00e4tasku vasemmassa k\u00e4dess\u00e4 ja sek\u00e4vy\u00f6t\u00e4r\u00f6\u00e4 ett\u00e4 hihan p\u00e4it\u00e4 voidaan kaventaa. Mukavuutesi vuoksi t\u00e4ss\u00e4takissa on my\u00f6s pitk\u00e4nomainen selk\u00e4. Tikattu vuori on irrotettava jahuppu voidaan taittaa kaulukseen, joten voit s\u00e4\u00e4t\u00e4\u00e4 t\u00e4t\u00e4 takkia s\u00e4\u00e4nmukaan. Suora kaulus,Taitettava huppu kauluksessaVetoketjukiinnitys luukun alla, jossa kosketus ja sulkeminen1 paikallinen rintatasku,2 l\u00e4pp\u00e4taskua,1kyn\u00e4taskuPy\u00f6re\u00e4t hihat,Joustava rannehihna, joka kaventuu kosketuksella jasulkeutuu. Joustava vy\u00f6t\u00e4r\u00f6 ja kapenevat painonapit vy\u00f6t\u00e4r\u00f6n sivuillaPitk\u00e4nomainen takaosaKangas Siopor\u00ae Vahva: 100 % polyesterikangas 100 % PU -laminaatilla; \u00b1260 g\/m\u00b2hakusana: talvitakki, huomiot<\/p>\n","protected":false},"excerpt":{"rendered":"<p>Tilaustuote. Tuotteella normaalia pidempi toimitusaikaKuoritakki irroitettavalla tikatulla vuorella. Vuorta ei saa k\u00e4ytt\u00e4\u00e4erikseen. Raskas kangasrakenne, sopii eritt\u00e4in ankariinty\u00f6olosuhteisiin, koska sill\u00e4 on my\u00f6s hyv\u00e4 kulutuskest\u00e4vyys. T\u00e4ss\u00e4k\u00e4yt\u00e4nn\u00f6llisess\u00e4 pommitakissa on kyn\u00e4tasku vasemmassa k\u00e4dess\u00e4 ja sek\u00e4vy\u00f6t\u00e4r\u00f6\u00e4 ett\u00e4 hihan p\u00e4it\u00e4 voidaan kaventaa. Mukavuutesi vuoksi t\u00e4ss\u00e4takissa on my\u00f6s pitk\u00e4nomainen selk\u00e4. Tikattu vuori on irrotettava jahuppu voidaan taittaa kaulukseen, joten voit s\u00e4\u00e4t\u00e4\u00e4 t\u00e4t\u00e4 [&hellip;]<\/p>\n","protected":false},"featured_media":0,"comment_status":"open","ping_status":"closed","template":"","meta":[],"product_brand":[],"product_cat":[3330],"product_tag":[],"class_list":{"0":"post-72601","1":"product","2":"type-product","3":"status-publish","5":"product_cat-vaatteet-tyovaatteet-stara-talvivaatteet","7":"first","8":"instock","9":"shipping-taxable","10":"purchasable","11":"product-type-simple"},"_links":{"self":[{"href":"https:\/\/logistiikkakeskus.net\/kauppa\/wp-json\/wp\/v2\/product\/72601","targetHints":{"allow":["GET"]}}],"collection":[{"href":"https:\/\/logistiikkakeskus.net\/kauppa\/wp-json\/wp\/v2\/product"}],"about":[{"href":"https:\/\/logistiikkakeskus.net\/kauppa\/wp-json\/wp\/v2\/types\/product"}],"replies":[{"embeddable":true,"href":"https:\/\/logistiikkakeskus.net\/kauppa\/wp-json\/wp\/v2\/comments?post=72601"}],"wp:attachment":[{"href":"https:\/\/logistiikkakeskus.net\/kauppa\/wp-json\/wp\/v2\/media?parent=72601"}],"wp:term":[{"taxonomy":"product_brand","embeddable":true,"href":"https:\/\/logistiikkakeskus.net\/kauppa\/wp-json\/wp\/v2\/product_brand?post=72601"},{"taxonomy":"product_cat","embeddable":true,"href":"https:\/\/logistiikkakeskus.net\/kauppa\/wp-json\/wp\/v2\/product_cat?post=72601"},{"taxonomy":"product_tag","embeddable":true,"href":"https:\/\/logistiikkakeskus.net\/kauppa\/wp-json\/wp\/v2\/product_tag?post=72601"}],"curies":[{"name":"wp","href":"https:\/\/api.w.org\/{rel}","templated":true}]}}